{"id":30,"date":"2022-12-19T02:30:45","date_gmt":"2022-12-19T02:30:45","guid":{"rendered":"https:\/\/gaviaspreview.com\/wp\/constix\/?page_id=30"},"modified":"2025-07-18T11:02:25","modified_gmt":"2025-07-18T11:02:25","slug":"contact","status":"publish","type":"page","link":"https:\/\/www.alunet.com.tr\/de\/contact\/","title":{"rendered":"Contact"},"content":{"rendered":"<div data-elementor-type=\"wp-page\" data-elementor-id=\"30\" class=\"elementor elementor-30\">\n\t\t\t\t\t\t<section class=\"elementor-section elementor-top-section elementor-element elementor-element-f65563a elementor-section-full_width elementor-section-height-default elementor-section-height-default\" data-id=\"f65563a\" data-element_type=\"section\">\n\t\t\t\t\t\t<div class=\"elementor-container elementor-column-gap-default\">\n\t\t\t\t\t<div class=\"elementor-column elementor-col-100 elementor-top-column elementor-element elementor-element-d98a98b\" data-id=\"d98a98b\" data-element_type=\"column\">\n\t\t\t<div class=\"elementor-widget-wrap\">\n\t\t\t\t\t\t\t<\/div>\n\t\t<\/div>\n\t\t\t\t\t<\/div>\n\t\t<\/section>\n\t\t\t\t<section class=\"elementor-section elementor-top-section elementor-element elementor-element-ce6dba8 elementor-section-boxed elementor-section-height-default elementor-section-height-default\" data-id=\"ce6dba8\" data-element_type=\"section\" data-settings=\"{&quot;background_background&quot;:&quot;classic&quot;}\">\n\t\t\t\t\t\t\t<div class=\"elementor-background-overlay\"><\/div>\n\t\t\t\t\t\t\t<div class=\"elementor-container elementor-column-gap-default\">\n\t\t\t\t\t<div class=\"elementor-column elementor-col-50 elementor-top-column elementor-element elementor-element-3b6d25a\" data-id=\"3b6d25a\" data-element_type=\"column\">\n\t\t\t<div class=\"elementor-widget-wrap elementor-element-populated\">\n\t\t\t\t\t\t<div class=\"elementor-element elementor-element-3524751 elementor-widget elementor-widget-gva-heading-block\" data-id=\"3524751\" data-element_type=\"widget\" data-widget_type=\"gva-heading-block.default\">\n\t\t\t\t<div class=\"elementor-widget-container\">\n\t\t\t<div class=\"gva-element-gva-heading-block gva-element\">   <div class=\"align-left style-1 widget gsc-heading box-align-left auto-responsive\">\r\n      <div class=\"content-inner\">\r\n         \r\n                  \r\n         <div class=\"sub-title\"><span class=\"heading-icon\"><\/span><span class=\"tagline\">Alunet<\/span><\/div>   \r\n         \r\n                     <h2 class=\"title\">\r\n               <span>Contact Form<\/span>\r\n            <\/h2>\r\n                  \r\n         \r\n         \r\n      <\/div>\r\n   <\/div>\r\n<\/div>\t\t<\/div>\n\t\t\t\t<\/div>\n\t\t\t\t<div class=\"elementor-element elementor-element-7046b2e elementor-widget elementor-widget-shortcode\" data-id=\"7046b2e\" data-element_type=\"widget\" data-widget_type=\"shortcode.default\">\n\t\t\t\t<div class=\"elementor-widget-container\">\n\t\t\t\t\t<div class=\"elementor-shortcode\">\n<div class=\"wpcf7 no-js\" id=\"wpcf7-f465-o1\" lang=\"en-US\" dir=\"ltr\" data-wpcf7-id=\"465\">\n<div class=\"screen-reader-response\"><p role=\"status\" aria-live=\"polite\" aria-atomic=\"true\"><\/p> <ul><\/ul><\/div>\n<form action=\"\/de\/wp-json\/wp\/v2\/pages\/30#wpcf7-f465-o1\" method=\"post\" class=\"wpcf7-form init\" aria-label=\"Contact form\" novalidate=\"novalidate\" data-status=\"init\" data-trp-original-action=\"\/de\/wp-json\/wp\/v2\/pages\/30#wpcf7-f465-o1\">\n<fieldset class=\"hidden-fields-container\"><input type=\"hidden\" name=\"_wpcf7\" value=\"465\" \/><input type=\"hidden\" name=\"_wpcf7_version\" value=\"6.1.5\" \/><input type=\"hidden\" name=\"_wpcf7_locale\" value=\"en_US\" \/><input type=\"hidden\" name=\"_wpcf7_unit_tag\" value=\"wpcf7-f465-o1\" \/><input type=\"hidden\" name=\"_wpcf7_container_post\" value=\"0\" \/><input type=\"hidden\" name=\"_wpcf7_posted_data_hash\" value=\"\" \/>\n<\/fieldset>\n<div class=\"your-name\">\n     <span class=\"wpcf7-form-control-wrap\" data-name=\"your-name\"><input size=\"40\" maxlength=\"400\" class=\"wpcf7-form-control wpcf7-text wpcf7-validates-as-required\" aria-required=\"true\" aria-invalid=\"false\" placeholder=\"Full name\" value=\"\" type=\"text\" name=\"your-name\" \/><\/span>\n   <\/div>\n   <div class=\"your-phone\">\n     <span class=\"wpcf7-form-control-wrap\" data-name=\"your-phone\"><input size=\"40\" maxlength=\"400\" class=\"wpcf7-form-control wpcf7-text wpcf7-validates-as-required\" aria-required=\"true\" aria-invalid=\"false\" placeholder=\"Phone Number\" value=\"\" type=\"text\" name=\"your-phone\" \/><\/span>\n   <\/div>\n   <div class=\"your-email\">\n      <span class=\"wpcf7-form-control-wrap\" data-name=\"your-email\"><input size=\"40\" maxlength=\"400\" class=\"wpcf7-form-control wpcf7-email wpcf7-validates-as-required wpcf7-text wpcf7-validates-as-email\" aria-required=\"true\" aria-invalid=\"false\" placeholder=\"Email Address\" value=\"\" type=\"email\" name=\"your-email\" \/><\/span> \n   <\/div>\n   <div class=\"your-message\">\n      <span class=\"wpcf7-form-control-wrap\" data-name=\"your-message\"><textarea cols=\"40\" rows=\"10\" maxlength=\"2000\" class=\"wpcf7-form-control wpcf7-textarea\" aria-invalid=\"false\" placeholder=\"Write Message...\" name=\"your-message\"><\/textarea><\/span>\n   <\/div>\n   <div class=\"form-action\"><span class=\"btn-outline-theme\"><input class=\"wpcf7-form-control wpcf7-submit has-spinner\" type=\"submit\" value=\"Send Message\" \/><\/span><\/div><div class=\"wpcf7-response-output\" aria-hidden=\"true\"><\/div>\n<input type=\"hidden\" name=\"trp-form-language\" value=\"de\"\/><\/form>\n<\/div>\n<\/div>\n\t\t\t\t<\/div>\n\t\t\t\t<\/div>\n\t\t\t\t\t<\/div>\n\t\t<\/div>\n\t\t\t\t<div class=\"elementor-column elementor-col-50 elementor-top-column elementor-element elementor-element-f62713a\" data-id=\"f62713a\" data-element_type=\"column\">\n\t\t\t<div class=\"elementor-widget-wrap elementor-element-populated\">\n\t\t\t\t\t\t<div class=\"elementor-element elementor-element-d8d863d elementor-widget elementor-widget-gva-heading-block\" data-id=\"d8d863d\" data-element_type=\"widget\" data-widget_type=\"gva-heading-block.default\">\n\t\t\t\t<div class=\"elementor-widget-container\">\n\t\t\t<div class=\"gva-element-gva-heading-block gva-element\">   <div class=\"align-left style-1 widget gsc-heading box-align-left auto-responsive\">\r\n      <div class=\"content-inner\">\r\n         \r\n                  \r\n         <div class=\"sub-title\"><span class=\"heading-icon\"><\/span><span class=\"tagline\">Call us or send us an EMAIL<\/span><\/div>   \r\n         \r\n                     <h2 class=\"title\">\r\n               <span>Contact Information<\/span>\r\n            <\/h2>\r\n                  \r\n         \r\n         \r\n      <\/div>\r\n   <\/div>\r\n<\/div>\t\t<\/div>\n\t\t\t\t<\/div>\n\t\t\t\t<div class=\"elementor-element elementor-element-c85189a elementor-view-stacked elementor-shape-square elementor-position-left elementor-vertical-align-middle icon-box-left elementor-mobile-position-top elementor-widget elementor-widget-icon-box\" data-id=\"c85189a\" data-element_type=\"widget\" data-widget_type=\"icon-box.default\">\n\t\t\t\t<div class=\"elementor-widget-container\">\n\t\t\t\t\t<div class=\"elementor-icon-box-wrapper\">\n\n\t\t\t\t\t\t<div class=\"elementor-icon-box-icon\">\n\t\t\t\t<span  class=\"elementor-icon elementor-animation-\">\n\t\t\t\t<i aria-hidden=\"true\" class=\"cicon-telephone-1\"><\/i>\t\t\t\t<\/span>\n\t\t\t<\/div>\n\t\t\t\n\t\t\t\t\t\t<div class=\"elementor-icon-box-content\">\n\n\t\t\t\t\t\t\t\t\t<h3 class=\"elementor-icon-box-title\">\n\t\t\t\t\t\t<span  >\n\t\t\t\t\t\t\tCall Now\t\t\t\t\t\t<\/span>\n\t\t\t\t\t<\/h3>\n\t\t\t\t\n\t\t\t\t\t\t\t\t\t<p class=\"elementor-icon-box-description\">\n\t\t\t\t\t\t+90 (224) 532 20 45\n<br>\n\n+90 (535) 382 26 91\t\t\t\t\t<\/p>\n\t\t\t\t\n\t\t\t<\/div>\n\t\t\t\n\t\t<\/div>\n\t\t\t\t<\/div>\n\t\t\t\t<\/div>\n\t\t\t\t<div class=\"elementor-element elementor-element-9753a56 elementor-view-stacked elementor-shape-square elementor-position-left elementor-vertical-align-middle icon-box-left elementor-mobile-position-top elementor-widget elementor-widget-icon-box\" data-id=\"9753a56\" data-element_type=\"widget\" data-widget_type=\"icon-box.default\">\n\t\t\t\t<div class=\"elementor-widget-container\">\n\t\t\t\t\t<div class=\"elementor-icon-box-wrapper\">\n\n\t\t\t\t\t\t<div class=\"elementor-icon-box-icon\">\n\t\t\t\t<span  class=\"elementor-icon elementor-animation-\">\n\t\t\t\t<i aria-hidden=\"true\" class=\"cicon-paper-plane\"><\/i>\t\t\t\t<\/span>\n\t\t\t<\/div>\n\t\t\t\n\t\t\t\t\t\t<div class=\"elementor-icon-box-content\">\n\n\t\t\t\t\t\t\t\t\t<h3 class=\"elementor-icon-box-title\">\n\t\t\t\t\t\t<span  >\n\t\t\t\t\t\t\tE-Mail\t\t\t\t\t\t<\/span>\n\t\t\t\t\t<\/h3>\n\t\t\t\t\n\t\t\t\t\t\t\t\t\t<p class=\"elementor-icon-box-description\">\n\t\t\t\t\t\tinfo@alunet.com.tr\t\t\t\t\t<\/p>\n\t\t\t\t\n\t\t\t<\/div>\n\t\t\t\n\t\t<\/div>\n\t\t\t\t<\/div>\n\t\t\t\t<\/div>\n\t\t\t\t<div class=\"elementor-element elementor-element-c1457e2 elementor-view-stacked elementor-shape-square elementor-position-left elementor-vertical-align-middle icon-box-left elementor-mobile-position-top elementor-widget elementor-widget-icon-box\" data-id=\"c1457e2\" data-element_type=\"widget\" data-widget_type=\"icon-box.default\">\n\t\t\t\t<div class=\"elementor-widget-container\">\n\t\t\t\t\t<div class=\"elementor-icon-box-wrapper\">\n\n\t\t\t\t\t\t<div class=\"elementor-icon-box-icon\">\n\t\t\t\t<span  class=\"elementor-icon elementor-animation-\">\n\t\t\t\t<i aria-hidden=\"true\" class=\"cicon-paper-plane\"><\/i>\t\t\t\t<\/span>\n\t\t\t<\/div>\n\t\t\t\n\t\t\t\t\t\t<div class=\"elementor-icon-box-content\">\n\n\t\t\t\t\t\t\t\t\t<h3 class=\"elementor-icon-box-title\">\n\t\t\t\t\t\t<span  >\n\t\t\t\t\t\t\tAdress\t\t\t\t\t\t<\/span>\n\t\t\t\t\t<\/h3>\n\t\t\t\t\n\t\t\t\t\t\t\t\t\t<p class=\"elementor-icon-box-description\">\n\t\t\t\t\t\tFethiye OSB, Bordo Cd No.17, 16140 Ni\u0307l\u00fcfer\/Bursa\t\t\t\t\t<\/p>\n\t\t\t\t\n\t\t\t<\/div>\n\t\t\t\n\t\t<\/div>\n\t\t\t\t<\/div>\n\t\t\t\t<\/div>\n\t\t\t\t\t<\/div>\n\t\t<\/div>\n\t\t\t\t\t<\/div>\n\t\t<\/section>\n\t\t\t\t<section class=\"elementor-section elementor-top-section elementor-element elementor-element-1a33cd2 elementor-reverse-tablet elementor-reverse-mobile elementor-hidden-desktop elementor-hidden-tablet elementor-hidden-mobile elementor-section-boxed elementor-section-height-default elementor-section-height-default\" data-id=\"1a33cd2\" data-element_type=\"section\">\n\t\t\t\t\t\t<div class=\"elementor-container elementor-column-gap-default\">\n\t\t\t\t\t<div class=\"elementor-column elementor-col-50 elementor-top-column elementor-element elementor-element-2bc5c36\" data-id=\"2bc5c36\" data-element_type=\"column\">\n\t\t\t<div class=\"elementor-widget-wrap elementor-element-populated\">\n\t\t\t\t\t\t<div class=\"elementor-element elementor-element-96c70a3 elementor-widget__width-initial elementor-widget elementor-widget-gva-location\" data-id=\"96c70a3\" data-element_type=\"widget\" data-widget_type=\"gva-location.default\">\n\t\t\t\t<div class=\"elementor-widget-container\">\n\t\t\t<div class=\"gva-element-gva-location gva-element\">\r\n<div class=\"location__single\">\r\n\t<div class=\"location__wrap\">\r\n\t\t<h3 class=\"location__title\">B\u00fcro<\/h3>\r\n\t\t<div class=\"location__content\">\r\n\t\t\t<div class=\"location__image\"><img fetchpriority=\"high\" decoding=\"async\" width=\"1600\" height=\"1112\" src=\"https:\/\/www.alunet.com.tr\/wp-content\/uploads\/2024\/09\/alunet-logo-web.jpeg\" class=\"attachment-full size-full wp-image-1923\" alt=\"Alunet - Aluminium Supplier\" srcset=\"https:\/\/www.alunet.com.tr\/wp-content\/uploads\/2024\/09\/alunet-logo-web.jpeg 1600w, https:\/\/www.alunet.com.tr\/wp-content\/uploads\/2024\/09\/alunet-logo-web-1024x712.jpeg 1024w, https:\/\/www.alunet.com.tr\/wp-content\/uploads\/2024\/09\/alunet-logo-web-768x534.jpeg 768w, https:\/\/www.alunet.com.tr\/wp-content\/uploads\/2024\/09\/alunet-logo-web-18x12.jpeg 18w\" sizes=\"(max-width: 1600px) 100vw, 1600px\" \/><\/div><div class=\"location__desc\">K\u00fc\u00e7\u00fckbakkalk\u00f6y Mah. Dereboyu Cad. 3A R5 Blok K:7 D:48, 34750 Ata\u015fehir\/\u0130stanbul<\/div><div class=\"location__contact-item\"><div class=\"location__contact-icon\"><i aria-hidden=\"true\" class=\"cicon-paper-plane\"><\/i><\/div><h3 class=\"location__contact-title\">\t\t  <a href=\"mailto:info@alunet.com.tr\" class=\"location__contact-link-overlay\">\r\n\t\t\t info@alunet.com.tr\t\t  <\/a>\r\n\t\t  <\/h3><\/div><div class=\"location__contact-item\"><div class=\"location__contact-icon\"><i aria-hidden=\"true\" class=\"cicon-telephone-1\"><\/i><\/div><h3 class=\"location__contact-title\">\t\t  <a href=\"tel:+90 (224) 532 20 45\" class=\"location__contact-link-overlay\">\r\n\t\t\t +90 (224) 532 20 45\t\t  <\/a>\r\n\t\t  <\/h3><\/div>\t\t<\/div>\t\r\n\t<\/div>   \r\n<\/div>\r\n<\/div>\t\t<\/div>\n\t\t\t\t<\/div>\n\t\t\t\t\t<\/div>\n\t\t<\/div>\n\t\t\t\t<div class=\"elementor-column elementor-col-50 elementor-top-column elementor-element elementor-element-2a97f21\" data-id=\"2a97f21\" data-element_type=\"column\">\n\t\t\t<div class=\"elementor-widget-wrap elementor-element-populated\">\n\t\t\t\t\t\t<div class=\"elementor-element elementor-element-ab1c577 elementor-widget__width-initial elementor-widget elementor-widget-gva-location\" data-id=\"ab1c577\" data-element_type=\"widget\" data-widget_type=\"gva-location.default\">\n\t\t\t\t<div class=\"elementor-widget-container\">\n\t\t\t<div class=\"gva-element-gva-location gva-element\">\r\n<div class=\"location__single\">\r\n\t<div class=\"location__wrap\">\r\n\t\t<h3 class=\"location__title\">Produktionsst\u00e4tte Bursa<\/h3>\r\n\t\t<div class=\"location__content\">\r\n\t\t\t<div class=\"location__image\"><img fetchpriority=\"high\" decoding=\"async\" width=\"1600\" height=\"1112\" src=\"https:\/\/www.alunet.com.tr\/wp-content\/uploads\/2024\/09\/alunet-logo-web.jpeg\" class=\"attachment-full size-full wp-image-1923\" alt=\"Alunet - Aluminium Supplier\" srcset=\"https:\/\/www.alunet.com.tr\/wp-content\/uploads\/2024\/09\/alunet-logo-web.jpeg 1600w, https:\/\/www.alunet.com.tr\/wp-content\/uploads\/2024\/09\/alunet-logo-web-1024x712.jpeg 1024w, https:\/\/www.alunet.com.tr\/wp-content\/uploads\/2024\/09\/alunet-logo-web-768x534.jpeg 768w, https:\/\/www.alunet.com.tr\/wp-content\/uploads\/2024\/09\/alunet-logo-web-18x12.jpeg 18w\" sizes=\"(max-width: 1600px) 100vw, 1600px\" \/><\/div><div class=\"location__desc\">Kayapa Organize Sanayi B\u00f6lgesi Begonya Cadde No:4\nKayapa-Nil\u00fcfer \/ Bursa<\/div><div class=\"location__contact-item\"><div class=\"location__contact-icon\"><i aria-hidden=\"true\" class=\"cicon-paper-plane\"><\/i><\/div><h3 class=\"location__contact-title\">\t\t  <a href=\"mailto:info@alunet.com.tr\" class=\"location__contact-link-overlay\">\r\n\t\t\t info@alunet.com.tr\t\t  <\/a>\r\n\t\t  <\/h3><\/div><div class=\"location__contact-item\"><div class=\"location__contact-icon\"><i aria-hidden=\"true\" class=\"cicon-telephone-1\"><\/i><\/div><h3 class=\"location__contact-title\">\t\t  <a href=\"tel:+90 (224) 532 20 45\" class=\"location__contact-link-overlay\">\r\n\t\t\t +90 (224) 532 20 45\t\t  <\/a>\r\n\t\t  <\/h3><\/div>\t\t<\/div>\t\r\n\t<\/div>   \r\n<\/div>\r\n<\/div>\t\t<\/div>\n\t\t\t\t<\/div>\n\t\t\t\t\t<\/div>\n\t\t<\/div>\n\t\t\t\t\t<\/div>\n\t\t<\/section>\n\t\t\t\t<section class=\"elementor-section elementor-top-section elementor-element elementor-element-e408315 elementor-section-full_width elementor-reverse-tablet elementor-reverse-mobile elementor-hidden-desktop elementor-hidden-tablet elementor-hidden-mobile elementor-section-height-default elementor-section-height-default\" data-id=\"e408315\" data-element_type=\"section\">\n\t\t\t\t\t\t<div class=\"elementor-container elementor-column-gap-default\">\n\t\t\t\t\t<div class=\"elementor-column elementor-col-100 elementor-top-column elementor-element elementor-element-3e5a49d\" data-id=\"3e5a49d\" data-element_type=\"column\">\n\t\t\t<div class=\"elementor-widget-wrap elementor-element-populated\">\n\t\t\t\t\t\t<div class=\"elementor-element elementor-element-ce17275 elementor-widget elementor-widget-google_maps\" data-id=\"ce17275\" data-element_type=\"widget\" data-widget_type=\"google_maps.default\">\n\t\t\t\t<div class=\"elementor-widget-container\">\n\t\t\t\t\t<div class=\"elementor-custom-embed\">\n\t\t\t<iframe loading=\"lazy\"\n\t\t\t\t\tsrc=\"https:\/\/maps.google.com\/maps?q=Alunet%20K%C3%BC%C3%A7%C3%BCkbakkalk%C3%B6y%20Mah.%20Dereboyu%20Cad.%203A%20R5%20Blok%20K%3A7%20D%3A48%2C%2034750%20Ata%C5%9Fehir%2F%C4%B0stanbul&#038;t=m&#038;z=15&#038;output=embed&#038;iwloc=near\"\n\t\t\t\t\ttitle=\"Alunet K\u00fc\u00e7\u00fckbakkalk\u00f6y Mah. Dereboyu Cad. 3A R5 Blok K:7 D:48, 34750 Ata\u015fehir\/\u0130stanbul\"\n\t\t\t\t\taria-label=\"Alunet K\u00fc\u00e7\u00fckbakkalk\u00f6y Mah. Dereboyu Cad. 3A R5 Blok K:7 D:48, 34750 Ata\u015fehir\/\u0130stanbul\"\n\t\t\t><\/iframe>\n\t\t<\/div>\n\t\t\t\t<\/div>\n\t\t\t\t<\/div>\n\t\t\t\t\t<\/div>\n\t\t<\/div>\n\t\t\t\t\t<\/div>\n\t\t<\/section>\n\t\t\t\t<\/div>","protected":false},"excerpt":{"rendered":"<p>Alunet Contact Form Call us or send us an EMAIL Contact Information Call Now +90 (224) 532 20 45 +90 (535) 382 26 91 E-Mail info@alunet.com.tr Adress Fethiye OSB, Bordo Cd No.17, 16140 Ni\u0307l\u00fcfer\/Bursa B\u00fcro K\u00fc\u00e7\u00fckbakkalk\u00f6y Mah. Dereboyu Cad. 3A R5 Blok K:7 D:48, 34750 Ata\u015fehir\/\u0130stanbul info@alunet.com.tr +90 (224) 532 20 45 Produktionsst\u00e4tte Bursa Kayapa [&hellip;]<\/p>\n","protected":false},"author":1,"featured_media":0,"parent":0,"menu_order":0,"comment_status":"closed","ping_status":"closed","template":"","meta":{"inline_featured_image":false,"footnotes":""},"class_list":["post-30","page","type-page","status-publish","hentry"],"_links":{"self":[{"href":"https:\/\/www.alunet.com.tr\/de\/wp-json\/wp\/v2\/pages\/30","targetHints":{"allow":["GET"]}}],"collection":[{"href":"https:\/\/www.alunet.com.tr\/de\/wp-json\/wp\/v2\/pages"}],"about":[{"href":"https:\/\/www.alunet.com.tr\/de\/wp-json\/wp\/v2\/types\/page"}],"author":[{"embeddable":true,"href":"https:\/\/www.alunet.com.tr\/de\/wp-json\/wp\/v2\/users\/1"}],"replies":[{"embeddable":true,"href":"https:\/\/www.alunet.com.tr\/de\/wp-json\/wp\/v2\/comments?post=30"}],"version-history":[{"count":128,"href":"https:\/\/www.alunet.com.tr\/de\/wp-json\/wp\/v2\/pages\/30\/revisions"}],"predecessor-version":[{"id":4125,"href":"https:\/\/www.alunet.com.tr\/de\/wp-json\/wp\/v2\/pages\/30\/revisions\/4125"}],"wp:attachment":[{"href":"https:\/\/www.alunet.com.tr\/de\/wp-json\/wp\/v2\/media?parent=30"}],"curies":[{"name":"wp","href":"https:\/\/api.w.org\/{rel}","templated":true}]}}