{"id":27,"date":"2022-12-19T02:30:10","date_gmt":"2022-12-19T02:30:10","guid":{"rendered":"https:\/\/gaviaspreview.com\/wp\/constix\/?page_id=27"},"modified":"2024-10-07T08:27:42","modified_gmt":"2024-10-07T08:27:42","slug":"news","status":"publish","type":"page","link":"https:\/\/www.alunet.com.tr\/de\/news\/","title":{"rendered":"News 01"},"content":{"rendered":"<div data-elementor-type=\"wp-page\" data-elementor-id=\"27\" class=\"elementor elementor-27\">\n\t\t\t\t\t\t<section class=\"elementor-section elementor-top-section elementor-element elementor-element-15c24e5 elementor-section-full_width elementor-section-height-default elementor-section-height-default\" data-id=\"15c24e5\" data-element_type=\"section\">\n\t\t\t\t\t\t<div class=\"elementor-container elementor-column-gap-default\">\n\t\t\t\t\t<div class=\"elementor-column elementor-col-100 elementor-top-column elementor-element elementor-element-5072785\" data-id=\"5072785\" data-element_type=\"column\">\n\t\t\t<div class=\"elementor-widget-wrap\">\n\t\t\t\t\t\t\t<\/div>\n\t\t<\/div>\n\t\t\t\t\t<\/div>\n\t\t<\/section>\n\t\t\t\t<section class=\"elementor-section elementor-top-section elementor-element elementor-element-2ac74c4 elementor-section-boxed elementor-section-height-default elementor-section-height-default\" data-id=\"2ac74c4\" data-element_type=\"section\" data-settings=\"{&quot;background_background&quot;:&quot;classic&quot;}\">\n\t\t\t\t\t\t<div class=\"elementor-container elementor-column-gap-default\">\n\t\t\t\t\t<div class=\"elementor-column elementor-col-100 elementor-top-column elementor-element elementor-element-2d8cdf9\" data-id=\"2d8cdf9\" data-element_type=\"column\">\n\t\t\t<div class=\"elementor-widget-wrap elementor-element-populated\">\n\t\t\t\t\t\t<div class=\"elementor-element elementor-element-9678132 elementor-widget elementor-widget-gva-posts\" data-id=\"9678132\" data-element_type=\"widget\" data-widget_type=\"gva-posts.default\">\n\t\t\t\t<div class=\"elementor-widget-container\">\n\t\t\t<div class=\"gva-element-gva-posts gva-element\">\r\n\t<div class=\"gva-posts-carousel gva-posts swiper-slider-wrapper\" data-filter=\"i03y\">\r\n\t\t<div class=\"swiper-content-inner\">\r\n\t\t\t<div class=\"init-carousel-swiper swiper\" data-carousel=\"{&quot;items&quot;:4,&quot;items_lg&quot;:4,&quot;items_md&quot;:3,&quot;items_sm&quot;:2,&quot;items_xs&quot;:1,&quot;items_xx&quot;:1,&quot;effect&quot;:&quot;slide&quot;,&quot;space_between&quot;:30,&quot;loop&quot;:1,&quot;speed&quot;:600,&quot;autoplay&quot;:1,&quot;autoplay_delay&quot;:4500,&quot;autoplay_hover&quot;:1,&quot;navigation&quot;:1,&quot;pagination&quot;:0,&quot;dynamic_bullets&quot;:0,&quot;pagination_type&quot;:&quot;bullets&quot;}\">\r\n\t\t\t\t<div class=\"swiper-wrapper\">\r\n\t\t\t\t\t<div class=\"swiper-slide\">\r\n   <article class=\"post post-one__single post-4084 type-post status-publish format-standard has-post-thumbnail hentry category-alunet tag-aluminum-bending tag-aluminum-cutting-machines tag-aluminum-cutting-techniques tag-aluminum-milling tag-aluminum-profile-assembly tag-aluminum-profile-machining tag-aluminum-profiles tag-aluminum-punching tag-cnc-machining tag-mechanical-processing tag-thread-cutting tag-tolerances-in-aluminum-machining\">\r\n      <div class=\"post-one__thumbnail\"><a href=\"https:\/\/www.alunet.com.tr\/de\/aluminium-fitting-systems-for-construction\/\"><img fetchpriority=\"high\" decoding=\"async\" width=\"550\" height=\"350\" src=\"https:\/\/www.alunet.com.tr\/wp-content\/uploads\/2024\/11\/3-2-550x350.jpg\" class=\"attachment-post-thumbnail size-post-thumbnail wp-post-image\" alt=\"Aluminium Fitting Systems For Construction\" \/><\/a><\/div>       \r\n      <div class=\"post-one__content has-thumbnail\">\r\n         <div class=\"post-one__content-inner\">\r\n            <div class=\"post-one__meta\">\r\n               <div class=\"clearfix meta-inline post-meta-1\"><span class=\"author vcard\"><i class=\"fas fa-user\"><\/i>mpc<\/span><\/div>            <\/div> \r\n            <h3 class=\"post-one__title\"><a href=\"https:\/\/www.alunet.com.tr\/de\/aluminium-fitting-systems-for-construction\/\" rel=\"bookmark\">Aluminiumbeschlagsystem f\u00fcr den Bau<\/a><\/h3>\r\n            <div class=\"post-one__bottom\">\r\n               <a class=\"post-one__arrow btn-border-gray\" href=\"https:\/\/www.alunet.com.tr\/de\/aluminium-fitting-systems-for-construction\/\">\r\n                 <i class=\"cicon-arrow\"><\/i>\r\n               <\/a>\r\n               <div class=\"post-one__entry-date\"><span class=\"date\">18<\/span><span class=\"month\">Nov.<\/span><\/div>            <\/div>\r\n         <\/div>\r\n      <\/div>\r\n   <\/article>   \r\n\r\n  <\/div><div class=\"swiper-slide\">\r\n   <article class=\"post post-one__single post-4060 type-post status-publish format-standard has-post-thumbnail hentry category-alunet tag-aluminum-bending tag-aluminum-cutting-machines tag-aluminum-cutting-techniques tag-aluminum-milling tag-aluminum-profile-assembly tag-aluminum-profile-machining tag-aluminum-profiles tag-aluminum-punching tag-cnc-machining tag-mechanical-processing tag-thread-cutting tag-tolerances-in-aluminum-machining\">\r\n      <div class=\"post-one__thumbnail\"><a href=\"https:\/\/www.alunet.com.tr\/de\/machining-of-aluminum-profiles\/\"><img decoding=\"async\" width=\"550\" height=\"350\" src=\"https:\/\/www.alunet.com.tr\/wp-content\/uploads\/2024\/11\/alunet-1-1-550x350.jpg\" class=\"attachment-post-thumbnail size-post-thumbnail wp-post-image\" alt=\"Machining Of Aluminum Profiles\" \/><\/a><\/div>       \r\n      <div class=\"post-one__content has-thumbnail\">\r\n         <div class=\"post-one__content-inner\">\r\n            <div class=\"post-one__meta\">\r\n               <div class=\"clearfix meta-inline post-meta-1\"><span class=\"author vcard\"><i class=\"fas fa-user\"><\/i>Y\u00f6netici Alunet<\/span><\/div>            <\/div> \r\n            <h3 class=\"post-one__title\"><a href=\"https:\/\/www.alunet.com.tr\/de\/machining-of-aluminum-profiles\/\" rel=\"bookmark\">Aluminium profile bearbeitung<\/a><\/h3>\r\n            <div class=\"post-one__bottom\">\r\n               <a class=\"post-one__arrow btn-border-gray\" href=\"https:\/\/www.alunet.com.tr\/de\/machining-of-aluminum-profiles\/\">\r\n                 <i class=\"cicon-arrow\"><\/i>\r\n               <\/a>\r\n               <div class=\"post-one__entry-date\"><span class=\"date\">01<\/span><span class=\"month\">Nov.<\/span><\/div>            <\/div>\r\n         <\/div>\r\n      <\/div>\r\n   <\/article>   \r\n\r\n  <\/div><div class=\"swiper-slide\">\r\n   <article class=\"post post-one__single post-3897 type-post status-publish format-standard has-post-thumbnail hentry category-alunet tag-aluminium-assembly-solutions tag-aluminium-extrusion tag-aluminium-for-industrial-automation tag-aluminium-profiles tag-aluminium-services-for-industrial-markets tag-aluminium-surface-treatments tag-alunet tag-assembling tag-qualified-surface tag-small-prototype-quantities tag-special-solutions tag-tailored-solutions\">\r\n      <div class=\"post-one__thumbnail\"><a href=\"https:\/\/www.alunet.com.tr\/de\/treatment-machining-alunet-tailored-solutions\/\"><img decoding=\"async\" width=\"550\" height=\"350\" src=\"https:\/\/www.alunet.com.tr\/wp-content\/uploads\/2024\/10\/qualified-surface-treatment-and-machining-with-alunet-tailored-solutions-550x350.jpg\" class=\"attachment-post-thumbnail size-post-thumbnail wp-post-image\" alt=\"Qualified Surface Treatment and Machining with Alunet Tailored Solutions\" \/><\/a><\/div>       \r\n      <div class=\"post-one__content has-thumbnail\">\r\n         <div class=\"post-one__content-inner\">\r\n            <div class=\"post-one__meta\">\r\n               <div class=\"clearfix meta-inline post-meta-1\"><span class=\"author vcard\"><i class=\"fas fa-user\"><\/i>Y\u00f6netici Alunet<\/span><\/div>            <\/div> \r\n            <h3 class=\"post-one__title\"><a href=\"https:\/\/www.alunet.com.tr\/de\/treatment-machining-alunet-tailored-solutions\/\" rel=\"bookmark\">Qualifizierte\nOberfl\u00e4chenbehandlung und -bearbeitung mit ma\u00dfgeschneiderten L\u00f6sungen von\nalunet<\/a><\/h3>\r\n            <div class=\"post-one__bottom\">\r\n               <a class=\"post-one__arrow btn-border-gray\" href=\"https:\/\/www.alunet.com.tr\/de\/treatment-machining-alunet-tailored-solutions\/\">\r\n                 <i class=\"cicon-arrow\"><\/i>\r\n               <\/a>\r\n               <div class=\"post-one__entry-date\"><span class=\"date\">10<\/span><span class=\"month\">Okt.<\/span><\/div>            <\/div>\r\n         <\/div>\r\n      <\/div>\r\n   <\/article>   \r\n\r\n  <\/div><div class=\"swiper-slide\">\r\n   <article class=\"post post-one__single post-3860 type-post status-publish format-standard has-post-thumbnail hentry category-alunet tag-advanced-technologies tag-aerospace tag-aluminum-profiles tag-alunet tag-automation tag-automotive-sector tag-carbon-footprint tag-construction tag-energy-efficiency tag-industry-needs tag-recycling tag-sustainability tag-tailored-production-processes tag-workforce-training\">\r\n      <div class=\"post-one__thumbnail\"><a href=\"https:\/\/www.alunet.com.tr\/de\/innovative-approaches-in-aluminium-profile\/\"><img loading=\"lazy\" decoding=\"async\" width=\"550\" height=\"350\" src=\"https:\/\/www.alunet.com.tr\/wp-content\/uploads\/2024\/10\/alunet1-550x350.jpg\" class=\"attachment-post-thumbnail size-post-thumbnail wp-post-image\" alt=\"Innovative Approaches in Aluminum Profile Solutions\" \/><\/a><\/div>       \r\n      <div class=\"post-one__content has-thumbnail\">\r\n         <div class=\"post-one__content-inner\">\r\n            <div class=\"post-one__meta\">\r\n               <div class=\"clearfix meta-inline post-meta-1\"><span class=\"author vcard\"><i class=\"fas fa-user\"><\/i>Y\u00f6netici Alunet<\/span><\/div>            <\/div> \r\n            <h3 class=\"post-one__title\"><a href=\"https:\/\/www.alunet.com.tr\/de\/innovative-approaches-in-aluminium-profile\/\" rel=\"bookmark\">Innovative Ans\u00e4tze bei Aluminiumprofil-L\u00f6sungen<\/a><\/h3>\r\n            <div class=\"post-one__bottom\">\r\n               <a class=\"post-one__arrow btn-border-gray\" href=\"https:\/\/www.alunet.com.tr\/de\/innovative-approaches-in-aluminium-profile\/\">\r\n                 <i class=\"cicon-arrow\"><\/i>\r\n               <\/a>\r\n               <div class=\"post-one__entry-date\"><span class=\"date\">08<\/span><span class=\"month\">Okt.<\/span><\/div>            <\/div>\r\n         <\/div>\r\n      <\/div>\r\n   <\/article>   \r\n\r\n  <\/div><div class=\"swiper-slide\">\r\n   <article class=\"post post-one__single post-3872 type-post status-publish format-standard has-post-thumbnail hentry category-alunet tag-aluminium-profiles tag-alunet tag-automatic-surface-inspection tag-automotive-industry tag-bubbles tag-decorative-applications tag-defect-detection tag-extruded-profiles tag-manual-inspection tag-process-optimization tag-quality-control tag-scratches tag-surface-defects tag-wears\">\r\n      <div class=\"post-one__thumbnail\"><a href=\"https:\/\/www.alunet.com.tr\/de\/new-technologies-for-surface-quality-control\/\"><img loading=\"lazy\" decoding=\"async\" width=\"550\" height=\"350\" src=\"https:\/\/www.alunet.com.tr\/wp-content\/uploads\/2024\/10\/alunet2-550x350.jpg\" class=\"attachment-post-thumbnail size-post-thumbnail wp-post-image\" alt=\"New Technologies for Surface Quality Control\" \/><\/a><\/div>       \r\n      <div class=\"post-one__content has-thumbnail\">\r\n         <div class=\"post-one__content-inner\">\r\n            <div class=\"post-one__meta\">\r\n               <div class=\"clearfix meta-inline post-meta-1\"><span class=\"author vcard\"><i class=\"fas fa-user\"><\/i>Y\u00f6netici Alunet<\/span><\/div>            <\/div> \r\n            <h3 class=\"post-one__title\"><a href=\"https:\/\/www.alunet.com.tr\/de\/new-technologies-for-surface-quality-control\/\" rel=\"bookmark\">Neue Technologien zur Oberfl\u00e4chenqualit\u00e4tskontrolle<\/a><\/h3>\r\n            <div class=\"post-one__bottom\">\r\n               <a class=\"post-one__arrow btn-border-gray\" href=\"https:\/\/www.alunet.com.tr\/de\/new-technologies-for-surface-quality-control\/\">\r\n                 <i class=\"cicon-arrow\"><\/i>\r\n               <\/a>\r\n               <div class=\"post-one__entry-date\"><span class=\"date\">07<\/span><span class=\"month\">Okt.<\/span><\/div>            <\/div>\r\n         <\/div>\r\n      <\/div>\r\n   <\/article>   \r\n\r\n  <\/div><div class=\"swiper-slide\">\r\n   <article class=\"post post-one__single post-82 type-post status-publish format-standard has-post-thumbnail hentry category-alunet tag-3d-scanning tag-aluminum-solutions tag-alunet tag-anodizing tag-automation tag-custom-extrusion tag-digital-control tag-digital-inspection tag-durability tag-extrusion tag-precision tag-robotics tag-surface-treatment tag-sustainability\">\r\n      <div class=\"post-one__thumbnail\"><a href=\"https:\/\/www.alunet.com.tr\/de\/modern-production-precesses-and-technologies\/\"><img loading=\"lazy\" decoding=\"async\" width=\"550\" height=\"350\" src=\"https:\/\/www.alunet.com.tr\/wp-content\/uploads\/2022\/12\/blog-01-550x350.jpg\" class=\"attachment-post-thumbnail size-post-thumbnail wp-post-image\" alt=\"Modern Production Processes and Technologies: How We Increase Product Quality at Alunet\" \/><\/a><\/div>       \r\n      <div class=\"post-one__content has-thumbnail\">\r\n         <div class=\"post-one__content-inner\">\r\n            <div class=\"post-one__meta\">\r\n               <div class=\"clearfix meta-inline post-meta-1\"><span class=\"author vcard\"><i class=\"fas fa-user\"><\/i>mpc<\/span><\/div>            <\/div> \r\n            <h3 class=\"post-one__title\"><a href=\"https:\/\/www.alunet.com.tr\/de\/modern-production-precesses-and-technologies\/\" rel=\"bookmark\">Moderne Produktionsprozesse und Technologien: Wie wir bei Alunet die\nProduktqualit\u00e4t steigern<\/a><\/h3>\r\n            <div class=\"post-one__bottom\">\r\n               <a class=\"post-one__arrow btn-border-gray\" href=\"https:\/\/www.alunet.com.tr\/de\/modern-production-precesses-and-technologies\/\">\r\n                 <i class=\"cicon-arrow\"><\/i>\r\n               <\/a>\r\n               <div class=\"post-one__entry-date\"><span class=\"date\">19<\/span><span class=\"month\">Dez.<\/span><\/div>            <\/div>\r\n         <\/div>\r\n      <\/div>\r\n   <\/article>   \r\n\r\n  <\/div>\t\t\t\t<\/div>\r\n\t\t\t<\/div>\t\r\n\t\t<\/div>\t\r\n\t\t<div class=\"swiper-pagination\"><\/div>\t\t<div class=\"swiper-nav-next\"><\/div><div class=\"swiper-nav-prev\"><\/div> \r\n\t<\/div>\r\n  <\/div>\t\t<\/div>\n\t\t\t\t<\/div>\n\t\t\t\t\t<\/div>\n\t\t<\/div>\n\t\t\t\t\t<\/div>\n\t\t<\/section>\n\t\t\t\t<\/div>","protected":false},"excerpt":{"rendered":"<p>mpc0 Comments Moderne Produktionsprozesse und Technologien: So steigern wir bei Alunet die Produktqualit\u00e4t 19Ara mpc0 Comments Individuelle Aluminium-L\u00f6sungen bei Alunet: Ma\u00dfgeschneiderte Projekte f\u00fcr Ihre Bed\u00fcrfnisse 19Ara mpc0 Comments Lernen Sie unser Expertenteam und unseren kundenorientierten Ansatz kennen 19Ara<\/p>","protected":false},"author":1,"featured_media":0,"parent":0,"menu_order":0,"comment_status":"closed","ping_status":"closed","template":"","meta":{"inline_featured_image":false,"footnotes":""},"class_list":["post-27","page","type-page","status-publish","hentry"],"_links":{"self":[{"href":"https:\/\/www.alunet.com.tr\/de\/wp-json\/wp\/v2\/pages\/27","targetHints":{"allow":["GET"]}}],"collection":[{"href":"https:\/\/www.alunet.com.tr\/de\/wp-json\/wp\/v2\/pages"}],"about":[{"href":"https:\/\/www.alunet.com.tr\/de\/wp-json\/wp\/v2\/types\/page"}],"author":[{"embeddable":true,"href":"https:\/\/www.alunet.com.tr\/de\/wp-json\/wp\/v2\/users\/1"}],"replies":[{"embeddable":true,"href":"https:\/\/www.alunet.com.tr\/de\/wp-json\/wp\/v2\/comments?post=27"}],"version-history":[{"count":19,"href":"https:\/\/www.alunet.com.tr\/de\/wp-json\/wp\/v2\/pages\/27\/revisions"}],"predecessor-version":[{"id":2663,"href":"https:\/\/www.alunet.com.tr\/de\/wp-json\/wp\/v2\/pages\/27\/revisions\/2663"}],"wp:attachment":[{"href":"https:\/\/www.alunet.com.tr\/de\/wp-json\/wp\/v2\/media?parent=27"}],"curies":[{"name":"wp","href":"https:\/\/api.w.org\/{rel}","templated":true}]}}