{"id":1560,"date":"2024-09-16T14:07:12","date_gmt":"2024-09-16T14:07:12","guid":{"rendered":"https:\/\/alunet.com.tr\/?page_id=1560"},"modified":"2024-10-07T08:29:45","modified_gmt":"2024-10-07T08:29:45","slug":"our-management","status":"publish","type":"page","link":"https:\/\/www.alunet.com.tr\/de\/our-management\/","title":{"rendered":"Our Management"},"content":{"rendered":"<div data-elementor-type=\"wp-page\" data-elementor-id=\"1560\" class=\"elementor elementor-1560\">\n\t\t\t\t\t\t<section class=\"elementor-section elementor-top-section elementor-element elementor-element-0cd00d1 elementor-section-boxed elementor-section-height-default elementor-section-height-default\" data-id=\"0cd00d1\" data-element_type=\"section\">\n\t\t\t\t\t\t<div class=\"elementor-container elementor-column-gap-default\">\n\t\t\t\t\t<div class=\"elementor-column elementor-col-100 elementor-top-column elementor-element elementor-element-74e4704\" data-id=\"74e4704\" data-element_type=\"column\">\n\t\t\t<div class=\"elementor-widget-wrap\">\n\t\t\t\t\t\t\t<\/div>\n\t\t<\/div>\n\t\t\t\t\t<\/div>\n\t\t<\/section>\n\t\t\t\t<section class=\"elementor-section elementor-top-section elementor-element elementor-element-134c56d elementor-section-boxed elementor-section-height-default elementor-section-height-default\" data-id=\"134c56d\" data-element_type=\"section\">\n\t\t\t\t\t\t<div class=\"elementor-container elementor-column-gap-default\">\n\t\t\t\t\t<div class=\"elementor-column elementor-col-100 elementor-top-column elementor-element elementor-element-0f21662\" data-id=\"0f21662\" data-element_type=\"column\">\n\t\t\t<div class=\"elementor-widget-wrap\">\n\t\t\t\t\t\t\t<\/div>\n\t\t<\/div>\n\t\t\t\t\t<\/div>\n\t\t<\/section>\n\t\t\t\t<section class=\"elementor-section elementor-top-section elementor-element elementor-element-56e1b61 elementor-section-boxed elementor-section-height-default elementor-section-height-default\" data-id=\"56e1b61\" data-element_type=\"section\">\n\t\t\t\t\t\t<div class=\"elementor-container elementor-column-gap-default\">\n\t\t\t\t\t<div class=\"elementor-column elementor-col-100 elementor-top-column elementor-element elementor-element-91e2cba\" data-id=\"91e2cba\" data-element_type=\"column\">\n\t\t\t<div class=\"elementor-widget-wrap elementor-element-populated\">\n\t\t\t\t\t\t<div class=\"elementor-element elementor-element-e2d8004 elementor-widget elementor-widget-gva-heading-block\" data-id=\"e2d8004\" data-element_type=\"widget\" data-widget_type=\"gva-heading-block.default\">\n\t\t\t\t<div class=\"elementor-widget-container\">\n\t\t\t<div class=\"gva-element-gva-heading-block gva-element\">   <div class=\"align-center style-1 widget gsc-heading box-align-left auto-responsive\">\r\n      <div class=\"content-inner\">\r\n         \r\n                  \r\n         <div class=\"sub-title\"><span class=\"heading-icon\"><\/span><span class=\"tagline\">Meet our team<\/span><\/div>   \r\n         \r\n                     <h2 class=\"title\">\r\n               <span>Management-Kompetenz f\u00fcr nachhaltigen Erfolg.<\/span>\r\n            <\/h2>\r\n                  \r\n                     <div class=\"title-desc\">Als Gesch\u00e4ftsleitung der Alunet \u00fcbernehmen wir Verantwortung f\u00fcr unser Handeln\ngegen\u00fcber unseren Mitarbeitern, Gesch\u00e4ftspartnern, Beh\u00f6rden und Nachbarn sowie\ngegen\u00fcber der Umwelt. Dabei orientieren wir uns an klaren Werten und Prinzipien.\nNachhaltiges Wachstum, partnerschaftliche Zusammenarbeit und respektvoller\nUmgang auf Augenh\u00f6he sind der Ma\u00dfstab f\u00fcr all unser Handeln.\n\n<\/div>\r\n         \r\n         \r\n      <\/div>\r\n   <\/div>\r\n<\/div>\t\t<\/div>\n\t\t\t\t<\/div>\n\t\t\t\t<div class=\"elementor-element elementor-element-301f8a8 elementor-widget elementor-widget-gva-team\" data-id=\"301f8a8\" data-element_type=\"widget\" data-widget_type=\"gva-team.default\">\n\t\t\t\t<div class=\"elementor-widget-container\">\n\t\t\t<div class=\"gva-element-gva-team gva-element\">\r\n<div class=\"gsc-team layout-grid\">\r\n   <div class=\"lg-block-grid-3 md-block-grid-3 sm-block-grid-2 xs-block-grid-1 xx-block-grid-1\">\r\n               <div class=\"item-columns\">\r\n            \r\n\r\n\t<div class=\"team-three__single elementor-repeater-item-d6a5f3f\">\r\n\t\t<div class=\"team-three__image\"><img decoding=\"async\" src=\"https:\/\/www.alunet.com.tr\/wp-content\/uploads\/2024\/10\/selim-guney-pf.jpg\" alt=\"Meet our team\" \/><div class=\"team-three__social\"><div class=\"team-three__social-link\"><\/div><\/div><\/div>\t\r\n\t\t<div class=\"team-three__content\">\r\n\t\t\t<div class=\"team-three__content-inner\">\r\n\t\t\t\t<h3 class=\"team-three__name\">Selim G\u00fcney<\/h3><div class=\"team-three__job\">Chief Executive Officer <br> sg@alunet.com.tr<\/div>\t\t\t<\/div>   \r\n\t\t<\/div>\r\n\t<\/div>      \r\n         <\/div>\r\n               <div class=\"item-columns\">\r\n            \r\n\r\n\t<div class=\"team-three__single elementor-repeater-item-9f7da22\">\r\n\t\t<div class=\"team-three__image\"><img decoding=\"async\" src=\"https:\/\/www.alunet.com.tr\/wp-content\/uploads\/2024\/10\/deniz-vatansever-alunet.jpg\" alt=\"Meet our team\" \/><div class=\"team-three__social\"><div class=\"team-three__social-link\"><\/div><\/div><\/div>\t\r\n\t\t<div class=\"team-three__content\">\r\n\t\t\t<div class=\"team-three__content-inner\">\r\n\t\t\t\t<h3 class=\"team-three__name\">Deniz Vatansever <\/h3><div class=\"team-three__job\">Chief Operational Officer <br> dv@alunet.eu<\/div>\t\t\t<\/div>   \r\n\t\t<\/div>\r\n\t<\/div>      \r\n         <\/div>\r\n               <div class=\"item-columns\">\r\n            \r\n\r\n\t<div class=\"team-three__single elementor-repeater-item-eae9407\">\r\n\t\t<div class=\"team-three__image\"><img decoding=\"async\" src=\"https:\/\/www.alunet.com.tr\/wp-content\/uploads\/2024\/10\/ahmet-palademir-pf.jpg\" alt=\"Meet our team\" \/><div class=\"team-three__social\"><div class=\"team-three__social-link\"><\/div><\/div><\/div>\t\r\n\t\t<div class=\"team-three__content\">\r\n\t\t\t<div class=\"team-three__content-inner\">\r\n\t\t\t\t<h3 class=\"team-three__name\">Ahmet Palademir<\/h3><div class=\"team-three__job\">Head Of Sales <br> ap@alunet.com.tr<\/div>\t\t\t<\/div>   \r\n\t\t<\/div>\r\n\t<\/div>      \r\n         <\/div>\r\n         <\/div>   \r\n<\/div>\r\n<\/div>\t\t<\/div>\n\t\t\t\t<\/div>\n\t\t\t\t\t<\/div>\n\t\t<\/div>\n\t\t\t\t\t<\/div>\n\t\t<\/section>\n\t\t\t\t<\/div>","protected":false},"excerpt":{"rendered":"<p>Meet our team Management expertise for sustainable success. As the management team of the Alunet, we take responsibility for our actions towards our employees, business partners, authorities and neighbors as well as towards the environment. In doing so, we rely on clear values and principles. Sustainable growth, cooperation in partnership and respectful cooperation at eye [&hellip;]<\/p>\n","protected":false},"author":1,"featured_media":0,"parent":0,"menu_order":0,"comment_status":"closed","ping_status":"closed","template":"","meta":{"inline_featured_image":false,"footnotes":""},"class_list":["post-1560","page","type-page","status-publish","hentry"],"_links":{"self":[{"href":"https:\/\/www.alunet.com.tr\/de\/wp-json\/wp\/v2\/pages\/1560","targetHints":{"allow":["GET"]}}],"collection":[{"href":"https:\/\/www.alunet.com.tr\/de\/wp-json\/wp\/v2\/pages"}],"about":[{"href":"https:\/\/www.alunet.com.tr\/de\/wp-json\/wp\/v2\/types\/page"}],"author":[{"embeddable":true,"href":"https:\/\/www.alunet.com.tr\/de\/wp-json\/wp\/v2\/users\/1"}],"replies":[{"embeddable":true,"href":"https:\/\/www.alunet.com.tr\/de\/wp-json\/wp\/v2\/comments?post=1560"}],"version-history":[{"count":103,"href":"https:\/\/www.alunet.com.tr\/de\/wp-json\/wp\/v2\/pages\/1560\/revisions"}],"predecessor-version":[{"id":3769,"href":"https:\/\/www.alunet.com.tr\/de\/wp-json\/wp\/v2\/pages\/1560\/revisions\/3769"}],"wp:attachment":[{"href":"https:\/\/www.alunet.com.tr\/de\/wp-json\/wp\/v2\/media?parent=1560"}],"curies":[{"name":"wp","href":"https:\/\/api.w.org\/{rel}","templated":true}]}}