{"id":1510,"date":"2024-09-16T12:59:21","date_gmt":"2024-09-16T12:59:21","guid":{"rendered":"https:\/\/alunet.com.tr\/?page_id=1510"},"modified":"2024-10-07T08:33:16","modified_gmt":"2024-10-07T08:33:16","slug":"solar","status":"publish","type":"page","link":"https:\/\/www.alunet.com.tr\/de\/solar\/","title":{"rendered":"Solar"},"content":{"rendered":"<div data-elementor-type=\"wp-page\" data-elementor-id=\"1510\" class=\"elementor elementor-1510\">\n\t\t\t\t\t\t<section class=\"elementor-section elementor-top-section elementor-element elementor-element-2906691 elementor-section-height-min-height elementor-section-boxed elementor-section-height-default elementor-section-items-middle\" data-id=\"2906691\" data-element_type=\"section\" data-settings=\"{&quot;background_background&quot;:&quot;classic&quot;}\">\n\t\t\t\t\t\t\t<div class=\"elementor-background-overlay\"><\/div>\n\t\t\t\t\t\t\t<div class=\"elementor-container elementor-column-gap-default\">\n\t\t\t\t\t<div class=\"elementor-column elementor-col-100 elementor-top-column elementor-element elementor-element-1f071ff\" data-id=\"1f071ff\" data-element_type=\"column\" data-settings=\"{&quot;background_background&quot;:&quot;classic&quot;}\">\n\t\t\t<div class=\"elementor-widget-wrap elementor-element-populated\">\n\t\t\t\t\t<div class=\"elementor-background-overlay\"><\/div>\n\t\t\t\t\t\t<div class=\"elementor-element elementor-element-350ea20 elementor-widget elementor-widget-gva-heading-block\" data-id=\"350ea20\" data-element_type=\"widget\" data-widget_type=\"gva-heading-block.default\">\n\t\t\t\t<div class=\"elementor-widget-container\">\n\t\t\t<div class=\"gva-element-gva-heading-block gva-element\">   <div class=\"align-left style-1 widget gsc-heading box-align-left auto-responsive\">\r\n      <div class=\"content-inner\">\r\n         \r\n                  \r\n            \r\n         \r\n                     <h2 class=\"title\">\r\n               <span>Solar<\/span>\r\n            <\/h2>\r\n                  \r\n         \r\n         \r\n      <\/div>\r\n   <\/div>\r\n<\/div>\t\t<\/div>\n\t\t\t\t<\/div>\n\t\t\t\t\t<\/div>\n\t\t<\/div>\n\t\t\t\t\t<\/div>\n\t\t<\/section>\n\t\t\t\t<section class=\"elementor-section elementor-top-section elementor-element elementor-element-a4df2a1 elementor-section-boxed elementor-section-height-default elementor-section-height-default\" data-id=\"a4df2a1\" data-element_type=\"section\" data-settings=\"{&quot;background_background&quot;:&quot;classic&quot;}\">\n\t\t\t\t\t\t<div class=\"elementor-container elementor-column-gap-default\">\n\t\t\t\t\t<div class=\"elementor-column elementor-col-50 elementor-top-column elementor-element elementor-element-96b3848\" data-id=\"96b3848\" data-element_type=\"column\">\n\t\t\t<div class=\"elementor-widget-wrap elementor-element-populated\">\n\t\t\t\t\t\t<div class=\"elementor-element elementor-element-f2129e6 elementor-widget__width-initial elementor-widget elementor-widget-gva-image-content\" data-id=\"f2129e6\" data-element_type=\"widget\" data-widget_type=\"gva-image-content.default\">\n\t\t\t\t<div class=\"elementor-widget-container\">\n\t\t\t<div class=\"gva-element-gva-image-content gva-element\">\t\t\r\n\t  \r\n\t \r\n\r\n\t\t\t<div class=\"about-two__single\">\r\n\t\t  \t<div class=\"about-two__image\"><div class=\"content-inner\"><img decoding=\"async\" src=\"https:\/\/alunet.com.tr\/wp-content\/uploads\/2024\/10\/alunet-frame-profiles.jpg\" alt=\"20\" \/><\/div><\/div><div class=\"about-two__box-content\"><div class=\"about-two__box-content-inner\"><div class=\"about-two__desc\">Jahre\nErfahrung<\/div><div class=\"about-two__title\">20<\/div><\/div><\/div>\t\t<\/div>\r\n\t \r\n\r\n\t\r\n\t \r\n  \r\n \r\n\r\n  \r\n \r\n\r\n <\/div>\t\t<\/div>\n\t\t\t\t<\/div>\n\t\t\t\t\t<\/div>\n\t\t<\/div>\n\t\t\t\t<div class=\"elementor-column elementor-col-50 elementor-top-column elementor-element elementor-element-eeea4aa\" data-id=\"eeea4aa\" data-element_type=\"column\">\n\t\t\t<div class=\"elementor-widget-wrap elementor-element-populated\">\n\t\t\t\t\t\t<div class=\"elementor-element elementor-element-cb8c721 elementor-widget elementor-widget-gva-heading-block\" data-id=\"cb8c721\" data-element_type=\"widget\" data-settings=\"{&quot;_animation&quot;:&quot;none&quot;}\" data-widget_type=\"gva-heading-block.default\">\n\t\t\t\t<div class=\"elementor-widget-container\">\n\t\t\t<div class=\"gva-element-gva-heading-block gva-element\">   <div class=\"align-left style-1 widget gsc-heading box-align-left auto-responsive\">\r\n      <div class=\"content-inner\">\r\n         \r\n                  \r\n         <div class=\"sub-title\"><span class=\"heading-icon\"><\/span><span class=\"tagline\">Alunet<\/span><\/div>   \r\n         \r\n                     <h2 class=\"title\">\r\n               <span>Solarrahmenprofile &amp; Eckkeilprofile<\/span>\r\n            <\/h2>\r\n                  \r\n                     <div class=\"title-desc\">Wir liefern robuste und korrosionsbest\u00e4ndige Aluminiumprofile, die speziell f\u00fcr die\nMontage- und Rahmenkonstruktion von Solarmodulen entwickelt wurden. Unsere\nProfile zeichnen sich nicht nur durch hohe Festigkeit aus, sondern auch durch\nhervorragende Best\u00e4ndigkeit gegen\u00fcber Umwelteinfl\u00fcssen. Dadurch tragen sie zur\nlangfristigen Stabilit\u00e4t und Effizienz von Solaranlagen bei.<\/div>\r\n         \r\n         \r\n      <\/div>\r\n   <\/div>\r\n<\/div>\t\t<\/div>\n\t\t\t\t<\/div>\n\t\t\t\t\t<\/div>\n\t\t<\/div>\n\t\t\t\t\t<\/div>\n\t\t<\/section>\n\t\t\t\t<section class=\"elementor-section elementor-top-section elementor-element elementor-element-d61074e elementor-section-boxed elementor-section-height-default elementor-section-height-default\" data-id=\"d61074e\" data-element_type=\"section\" data-settings=\"{&quot;background_background&quot;:&quot;classic&quot;}\">\n\t\t\t\t\t\t<div class=\"elementor-container elementor-column-gap-default\">\n\t\t\t\t\t<div class=\"elementor-column elementor-col-50 elementor-top-column elementor-element elementor-element-7dbdaa6\" data-id=\"7dbdaa6\" data-element_type=\"column\">\n\t\t\t<div class=\"elementor-widget-wrap elementor-element-populated\">\n\t\t\t\t\t\t<div class=\"elementor-element elementor-element-958ef27 elementor-widget elementor-widget-gva-heading-block\" data-id=\"958ef27\" data-element_type=\"widget\" data-settings=\"{&quot;_animation&quot;:&quot;none&quot;}\" data-widget_type=\"gva-heading-block.default\">\n\t\t\t\t<div class=\"elementor-widget-container\">\n\t\t\t<div class=\"gva-element-gva-heading-block gva-element\">   <div class=\"align-left style-1 widget gsc-heading box-align-left auto-responsive\">\r\n      <div class=\"content-inner\">\r\n         \r\n                  \r\n         <div class=\"sub-title\"><span class=\"heading-icon\"><\/span><span class=\"tagline\">Alunet<\/span><\/div>   \r\n         \r\n                     <h2 class=\"title\">\r\n               <span>Solardach-Montagesysteme<\/span>\r\n            <\/h2>\r\n                  \r\n                     <div class=\"title-desc\">Unsere Expertise in der Aluminiumverarbeitung erm\u00f6glicht es uns, innovative\nL\u00f6sungen zu entwickeln, die den neuesten technologischen Anforderungen gerecht\nwerden. Von der pr\u00e4zisen Extrusion bis zur Oberfl\u00e4chenveredelung bieten wir einen\numfassenden Service, der speziell auf die Bed\u00fcrfnisse der Solarindustrie\nzugeschnitten ist.<\/div>\r\n         \r\n         \r\n      <\/div>\r\n   <\/div>\r\n<\/div>\t\t<\/div>\n\t\t\t\t<\/div>\n\t\t\t\t\t<\/div>\n\t\t<\/div>\n\t\t\t\t<div class=\"elementor-column elementor-col-50 elementor-top-column elementor-element elementor-element-eb979e0\" data-id=\"eb979e0\" data-element_type=\"column\">\n\t\t\t<div class=\"elementor-widget-wrap elementor-element-populated\">\n\t\t\t\t\t\t<div class=\"elementor-element elementor-element-1fff38c elementor-widget elementor-widget-gva-image-content\" data-id=\"1fff38c\" data-element_type=\"widget\" data-widget_type=\"gva-image-content.default\">\n\t\t\t\t<div class=\"elementor-widget-container\">\n\t\t\t<div class=\"gva-element-gva-image-content gva-element\">\t\t\r\n\t  \r\n\t \r\n\r\n\t\t\t<div class=\"about-two__single\">\r\n\t\t  \t<div class=\"about-two__image\"><div class=\"content-inner\"><img decoding=\"async\" src=\"https:\/\/alunet.com.tr\/wp-content\/uploads\/2024\/10\/LM-4PKIT-IBR-P.png\" alt=\"20\" \/><\/div><\/div><div class=\"about-two__box-content\"><div class=\"about-two__box-content-inner\"><div class=\"about-two__desc\">Jahre\nErfahrung<\/div><div class=\"about-two__title\">20<\/div><\/div><\/div>\t\t<\/div>\r\n\t \r\n\r\n\t\r\n\t \r\n  \r\n \r\n\r\n  \r\n \r\n\r\n <\/div>\t\t<\/div>\n\t\t\t\t<\/div>\n\t\t\t\t\t<\/div>\n\t\t<\/div>\n\t\t\t\t\t<\/div>\n\t\t<\/section>\n\t\t\t\t<section class=\"elementor-section elementor-top-section elementor-element elementor-element-e97123f elementor-reverse-tablet elementor-reverse-mobile elementor-hidden-desktop elementor-hidden-tablet elementor-hidden-mobile elementor-section-boxed elementor-section-height-default elementor-section-height-default\" data-id=\"e97123f\" data-element_type=\"section\" data-settings=\"{&quot;background_background&quot;:&quot;classic&quot;}\">\n\t\t\t\t\t\t<div class=\"elementor-container elementor-column-gap-default\">\n\t\t\t\t\t<div class=\"elementor-column elementor-col-50 elementor-top-column elementor-element elementor-element-cfead1e\" data-id=\"cfead1e\" data-element_type=\"column\">\n\t\t\t<div class=\"elementor-widget-wrap elementor-element-populated\">\n\t\t\t\t\t\t<div class=\"elementor-element elementor-element-84f6554 elementor-widget elementor-widget-gva-image-content\" data-id=\"84f6554\" data-element_type=\"widget\" data-widget_type=\"gva-image-content.default\">\n\t\t\t\t<div class=\"elementor-widget-container\">\n\t\t\t<div class=\"gva-element-gva-image-content gva-element\">\t\t\r\n\t  \r\n\t \r\n\r\n\t\t\t<div class=\"about-two__single\">\r\n\t\t  \t<div class=\"about-two__image\"><div class=\"content-inner\"><img decoding=\"async\" src=\"https:\/\/alunet.com.tr\/wp-content\/uploads\/2024\/10\/6682.jpg\" alt=\"20\" \/><\/div><\/div><div class=\"about-two__box-content\"><div class=\"about-two__box-content-inner\"><div class=\"about-two__desc\">Jahre\nErfahrung<\/div><div class=\"about-two__title\">20<\/div><\/div><\/div>\t\t<\/div>\r\n\t \r\n\r\n\t\r\n\t \r\n  \r\n \r\n\r\n  \r\n \r\n\r\n <\/div>\t\t<\/div>\n\t\t\t\t<\/div>\n\t\t\t\t\t<\/div>\n\t\t<\/div>\n\t\t\t\t<div class=\"elementor-column elementor-col-50 elementor-top-column elementor-element elementor-element-a3e399d\" data-id=\"a3e399d\" data-element_type=\"column\">\n\t\t\t<div class=\"elementor-widget-wrap elementor-element-populated\">\n\t\t\t\t\t\t<div class=\"elementor-element elementor-element-bba72d3 elementor-widget elementor-widget-gva-heading-block\" data-id=\"bba72d3\" data-element_type=\"widget\" data-settings=\"{&quot;_animation&quot;:&quot;none&quot;}\" data-widget_type=\"gva-heading-block.default\">\n\t\t\t\t<div class=\"elementor-widget-container\">\n\t\t\t<div class=\"gva-element-gva-heading-block gva-element\">   <div class=\"align-left style-1 widget gsc-heading box-align-left auto-responsive\">\r\n      <div class=\"content-inner\">\r\n         \r\n                  \r\n         <div class=\"sub-title\"><span class=\"heading-icon\"><\/span><span class=\"tagline\">Alunet<\/span><\/div>   \r\n         \r\n                     <h2 class=\"title\">\r\n               <span>Sustainability as a basic principle<\/span>\r\n            <\/h2>\r\n                  \r\n                     <div class=\"title-desc\">We rely on environmentally friendly production methods and recycling processes to minimize our ecological footprint. Our aluminum profiles are fully recyclable and thus actively contribute to the conservation of natural resources.\n<\/div>\r\n         \r\n         \r\n      <\/div>\r\n   <\/div>\r\n<\/div>\t\t<\/div>\n\t\t\t\t<\/div>\n\t\t\t\t\t<\/div>\n\t\t<\/div>\n\t\t\t\t\t<\/div>\n\t\t<\/section>\n\t\t\t\t<\/div>","protected":false},"excerpt":{"rendered":"<p>Solar Jahre Erfahrung20 Alunet Solar frame profiles &#038; Corner wedge profiles We supply robust and corrosion-resistant aluminum profiles that have been specially developed for the mounting and frame construction of solar modules. Our profiles not only offer high strength, but also excellent resistance to environmental influences. As a result, they contribute to the long-term stability [&hellip;]<\/p>\n","protected":false},"author":1,"featured_media":0,"parent":0,"menu_order":0,"comment_status":"closed","ping_status":"closed","template":"","meta":{"inline_featured_image":false,"footnotes":""},"class_list":["post-1510","page","type-page","status-publish","hentry"],"_links":{"self":[{"href":"https:\/\/www.alunet.com.tr\/de\/wp-json\/wp\/v2\/pages\/1510","targetHints":{"allow":["GET"]}}],"collection":[{"href":"https:\/\/www.alunet.com.tr\/de\/wp-json\/wp\/v2\/pages"}],"about":[{"href":"https:\/\/www.alunet.com.tr\/de\/wp-json\/wp\/v2\/types\/page"}],"author":[{"embeddable":true,"href":"https:\/\/www.alunet.com.tr\/de\/wp-json\/wp\/v2\/users\/1"}],"replies":[{"embeddable":true,"href":"https:\/\/www.alunet.com.tr\/de\/wp-json\/wp\/v2\/comments?post=1510"}],"version-history":[{"count":105,"href":"https:\/\/www.alunet.com.tr\/de\/wp-json\/wp\/v2\/pages\/1510\/revisions"}],"predecessor-version":[{"id":3809,"href":"https:\/\/www.alunet.com.tr\/de\/wp-json\/wp\/v2\/pages\/1510\/revisions\/3809"}],"wp:attachment":[{"href":"https:\/\/www.alunet.com.tr\/de\/wp-json\/wp\/v2\/media?parent=1510"}],"curies":[{"name":"wp","href":"https:\/\/api.w.org\/{rel}","templated":true}]}}