{"id":1328,"date":"2024-09-07T12:07:47","date_gmt":"2024-09-07T12:07:47","guid":{"rendered":"https:\/\/alunet.com.tr\/?page_id=1328"},"modified":"2024-10-07T08:08:54","modified_gmt":"2024-10-07T08:08:54","slug":"human-resources","status":"publish","type":"page","link":"https:\/\/www.alunet.com.tr\/de\/human-resources\/","title":{"rendered":"Human resources"},"content":{"rendered":"<div data-elementor-type=\"wp-page\" data-elementor-id=\"1328\" class=\"elementor elementor-1328\">\n\t\t\t\t\t\t<section class=\"elementor-section elementor-top-section elementor-element elementor-element-3b6761e elementor-section-boxed elementor-section-height-default elementor-section-height-default\" data-id=\"3b6761e\" data-element_type=\"section\" data-settings=\"{&quot;background_background&quot;:&quot;classic&quot;}\">\n\t\t\t\t\t\t<div class=\"elementor-container elementor-column-gap-default\">\n\t\t\t\t\t<div class=\"elementor-column elementor-col-50 elementor-top-column elementor-element elementor-element-242b0c6\" data-id=\"242b0c6\" data-element_type=\"column\">\n\t\t\t<div class=\"elementor-widget-wrap elementor-element-populated\">\n\t\t\t\t\t\t<div class=\"elementor-element elementor-element-894574b elementor-widget elementor-widget-image\" data-id=\"894574b\" data-element_type=\"widget\" data-widget_type=\"image.default\">\n\t\t\t\t<div class=\"elementor-widget-container\">\n\t\t\t\t\t\t\t\t\t\t\t\t\t<img fetchpriority=\"high\" decoding=\"async\" width=\"900\" height=\"504\" src=\"https:\/\/www.alunet.com.tr\/wp-content\/uploads\/2024\/10\/14588.jpg\" class=\"attachment-large size-large wp-image-2936\" alt=\"HUMAN RESOURCES\" srcset=\"https:\/\/www.alunet.com.tr\/wp-content\/uploads\/2024\/10\/14588.jpg 1000w, https:\/\/www.alunet.com.tr\/wp-content\/uploads\/2024\/10\/14588-768x430.jpg 768w, https:\/\/www.alunet.com.tr\/wp-content\/uploads\/2024\/10\/14588-18x10.jpg 18w\" sizes=\"(max-width: 900px) 100vw, 900px\" \/>\t\t\t\t\t\t\t\t\t\t\t\t\t<\/div>\n\t\t\t\t<\/div>\n\t\t\t\t\t<\/div>\n\t\t<\/div>\n\t\t\t\t<div class=\"elementor-column elementor-col-50 elementor-top-column elementor-element elementor-element-83ff4d5\" data-id=\"83ff4d5\" data-element_type=\"column\">\n\t\t\t<div class=\"elementor-widget-wrap elementor-element-populated\">\n\t\t\t\t\t\t<div class=\"elementor-element elementor-element-e63e02d elementor-widget elementor-widget-gva-heading-block\" data-id=\"e63e02d\" data-element_type=\"widget\" data-settings=\"{&quot;_animation&quot;:&quot;none&quot;}\" data-widget_type=\"gva-heading-block.default\">\n\t\t\t\t<div class=\"elementor-widget-container\">\n\t\t\t<div class=\"gva-element-gva-heading-block gva-element\">   <div class=\"align-left style-1 widget gsc-heading box-align-left auto-responsive\">\r\n      <div class=\"content-inner\">\r\n         \r\n                  \r\n         <div class=\"sub-title\"><span class=\"heading-icon\"><\/span><span class=\"tagline\">Alunet<\/span><\/div>   \r\n         \r\n                     <h2 class=\"title\">\r\n               <span>Menschen stehen im Mittelpunkt unseres Unternehmens.\n<\/span>\r\n            <\/h2>\r\n                  \r\n                     <div class=\"title-desc\">Die Betonung, dass Menschen im Zentrum unseres Gesch\u00e4fts stehen, bleibt im Kern\nunserer Werte und Strategie verankert. Unser Ansatz im Bereich Personalwesen\npriorisiert Themen wie die F\u00f6rderung von Besch\u00e4ftigung, Gleichstellung der\nGeschlechter, Gesundheit und Sicherheit der Mitarbeiter, Talent- und\nLoyalit\u00e4tsmanagement sowie Aus- und Weiterbildung.<\/div>\r\n         \r\n         \r\n      <\/div>\r\n   <\/div>\r\n<\/div>\t\t<\/div>\n\t\t\t\t<\/div>\n\t\t\t\t\t<\/div>\n\t\t<\/div>\n\t\t\t\t\t<\/div>\n\t\t<\/section>\n\t\t\t\t<section class=\"elementor-section elementor-top-section elementor-element elementor-element-b77b5ba elementor-section-boxed elementor-section-height-default elementor-section-height-default\" data-id=\"b77b5ba\" data-element_type=\"section\" data-settings=\"{&quot;background_background&quot;:&quot;classic&quot;}\">\n\t\t\t\t\t\t<div class=\"elementor-container elementor-column-gap-default\">\n\t\t\t\t\t<div class=\"elementor-column elementor-col-50 elementor-top-column elementor-element elementor-element-9e5764e\" data-id=\"9e5764e\" data-element_type=\"column\">\n\t\t\t<div class=\"elementor-widget-wrap elementor-element-populated\">\n\t\t\t\t\t\t<div class=\"elementor-element elementor-element-3d32263 elementor-widget elementor-widget-gva-heading-block\" data-id=\"3d32263\" data-element_type=\"widget\" data-settings=\"{&quot;_animation&quot;:&quot;none&quot;}\" data-widget_type=\"gva-heading-block.default\">\n\t\t\t\t<div class=\"elementor-widget-container\">\n\t\t\t<div class=\"gva-element-gva-heading-block gva-element\">   <div class=\"align-left style-1 widget gsc-heading box-align-left auto-responsive\">\r\n      <div class=\"content-inner\">\r\n         \r\n                  \r\n         <div class=\"sub-title\"><span class=\"heading-icon\"><\/span><span class=\"tagline\">Alunet<\/span><\/div>   \r\n         \r\n                     <h2 class=\"title\">\r\n               <span>Arbeitsschutz und Arbeitssicherheit<\/span>\r\n            <\/h2>\r\n                  \r\n                     <div class=\"title-desc\">Wir ergreifen auch die notwendigen Ma\u00dfnahmen, um ein gesundes und sicheres\nArbeitsumfeld zu gew\u00e4hrleisten. In diesem Zusammenhang werden\nGef\u00e4hrdungsbeurteilungen durchgef\u00fchrt und unsere Mitarbeiter zu Themen des\nArbeits- und Gesundheitsschutzes geschult. Alle Analysen zu Risiken im Bereich\nArbeitsschutz k\u00f6nnen \u00fcber das WorkSafe Informationsmanagementsystem f\u00fcr\nArbeitssicherheit verwaltet und \u00fcberwacht werden.\n\n<\/div>\r\n         \r\n         \r\n      <\/div>\r\n   <\/div>\r\n<\/div>\t\t<\/div>\n\t\t\t\t<\/div>\n\t\t\t\t\t<\/div>\n\t\t<\/div>\n\t\t\t\t<div class=\"elementor-column elementor-col-50 elementor-top-column elementor-element elementor-element-5683f55\" data-id=\"5683f55\" data-element_type=\"column\">\n\t\t\t<div class=\"elementor-widget-wrap elementor-element-populated\">\n\t\t\t\t\t\t<div class=\"elementor-element elementor-element-406d65f elementor-widget elementor-widget-image\" data-id=\"406d65f\" data-element_type=\"widget\" data-widget_type=\"image.default\">\n\t\t\t\t<div class=\"elementor-widget-container\">\n\t\t\t\t\t\t\t\t\t\t\t\t\t<img decoding=\"async\" width=\"900\" height=\"504\" src=\"https:\/\/www.alunet.com.tr\/wp-content\/uploads\/2024\/10\/alunet-human-r-gorseller.jpg\" class=\"attachment-large size-large wp-image-3454\" alt=\"HUMAN RESOURCES\" srcset=\"https:\/\/www.alunet.com.tr\/wp-content\/uploads\/2024\/10\/alunet-human-r-gorseller.jpg 1000w, https:\/\/www.alunet.com.tr\/wp-content\/uploads\/2024\/10\/alunet-human-r-gorseller-768x430.jpg 768w, https:\/\/www.alunet.com.tr\/wp-content\/uploads\/2024\/10\/alunet-human-r-gorseller-18x10.jpg 18w\" sizes=\"(max-width: 900px) 100vw, 900px\" \/>\t\t\t\t\t\t\t\t\t\t\t\t\t<\/div>\n\t\t\t\t<\/div>\n\t\t\t\t\t<\/div>\n\t\t<\/div>\n\t\t\t\t\t<\/div>\n\t\t<\/section>\n\t\t\t\t<section class=\"elementor-section elementor-top-section elementor-element elementor-element-140a819 elementor-section-boxed elementor-section-height-default elementor-section-height-default\" data-id=\"140a819\" data-element_type=\"section\" data-settings=\"{&quot;background_background&quot;:&quot;classic&quot;}\">\n\t\t\t\t\t\t<div class=\"elementor-container elementor-column-gap-default\">\n\t\t\t\t\t<div class=\"elementor-column elementor-col-50 elementor-top-column elementor-element elementor-element-050c8dc\" data-id=\"050c8dc\" data-element_type=\"column\">\n\t\t\t<div class=\"elementor-widget-wrap elementor-element-populated\">\n\t\t\t\t\t\t<div class=\"elementor-element elementor-element-d0a75d8 elementor-widget elementor-widget-gva-heading-block\" data-id=\"d0a75d8\" data-element_type=\"widget\" data-settings=\"{&quot;_animation&quot;:&quot;none&quot;}\" data-widget_type=\"gva-heading-block.default\">\n\t\t\t\t<div class=\"elementor-widget-container\">\n\t\t\t<div class=\"gva-element-gva-heading-block gva-element\">   <div class=\"align-left style-1 widget gsc-heading box-align-left auto-responsive\">\r\n      <div class=\"content-inner\">\r\n         \r\n                  \r\n         <div class=\"sub-title\"><span class=\"heading-icon\"><\/span><span class=\"tagline\">.<\/span><\/div>   \r\n         \r\n                     <h2 class=\"title\">\r\n               <span>Teilen Sie Ihren Lebenslauf mit uns<\/span>\r\n            <\/h2>\r\n                  \r\n                     <div class=\"title-desc\">Indem wir unseren Beitrag zur Besch\u00e4ftigung priorisieren und der Gesch\u00e4ftswelt\nneue Besch\u00e4ftigungsm\u00f6glichkeiten bieten, wollen wir einen positiven Einfluss auf die\nGesellschaft aus\u00fcben. Dar\u00fcber hinaus f\u00f6rdern wir durch die Unterst\u00fctzung von\nVielfalt und Inklusion die Teilhabe von Menschen aus allen Gesellschaftsbereichen\nam Berufsleben.<\/div>\r\n         \r\n         \r\n      <\/div>\r\n   <\/div>\r\n<\/div>\t\t<\/div>\n\t\t\t\t<\/div>\n\t\t\t\t<div class=\"elementor-element elementor-element-0bb953b elementor-widget elementor-widget-image\" data-id=\"0bb953b\" data-element_type=\"widget\" data-widget_type=\"image.default\">\n\t\t\t\t<div class=\"elementor-widget-container\">\n\t\t\t\t\t\t\t\t\t\t\t\t\t\t<a href=\"https:\/\/www.kariyer.net\/firma-profil\/alunet-material-solutions-aluminyum-san-ve-tic-a-s-352496-407823\" target=\"_blank\" rel=\"noopener\">\n\t\t\t\t\t\t\t<img decoding=\"async\" width=\"164\" height=\"55\" src=\"https:\/\/www.alunet.com.tr\/wp-content\/uploads\/2024\/09\/kariyher-net-logo.png\" class=\"attachment-large size-large wp-image-1662\" alt=\"HUMAN RESOURCES\" srcset=\"https:\/\/www.alunet.com.tr\/wp-content\/uploads\/2024\/09\/kariyher-net-logo.png 164w, https:\/\/www.alunet.com.tr\/wp-content\/uploads\/2024\/09\/kariyher-net-logo-18x6.png 18w\" sizes=\"(max-width: 164px) 100vw, 164px\" \/>\t\t\t\t\t\t\t\t<\/a>\n\t\t\t\t\t\t\t\t\t\t\t\t\t<\/div>\n\t\t\t\t<\/div>\n\t\t\t\t\t<\/div>\n\t\t<\/div>\n\t\t\t\t<div class=\"elementor-column elementor-col-50 elementor-top-column elementor-element elementor-element-a8b0dd4\" data-id=\"a8b0dd4\" data-element_type=\"column\">\n\t\t\t<div class=\"elementor-widget-wrap elementor-element-populated\">\n\t\t\t\t\t\t<div class=\"elementor-element elementor-element-2a42191 elementor-widget elementor-widget-shortcode\" data-id=\"2a42191\" data-element_type=\"widget\" data-widget_type=\"shortcode.default\">\n\t\t\t\t<div class=\"elementor-widget-container\">\n\t\t\t\t\t<div class=\"elementor-shortcode\">\n<div class=\"wpcf7 no-js\" id=\"wpcf7-f465-o1\" lang=\"en-US\" dir=\"ltr\" data-wpcf7-id=\"465\">\n<div class=\"screen-reader-response\"><p role=\"status\" aria-live=\"polite\" aria-atomic=\"true\"><\/p> <ul><\/ul><\/div>\n<form action=\"\/de\/wp-json\/wp\/v2\/pages\/1328#wpcf7-f465-o1\" method=\"post\" class=\"wpcf7-form init\" aria-label=\"Contact form\" novalidate=\"novalidate\" data-status=\"init\" data-trp-original-action=\"\/de\/wp-json\/wp\/v2\/pages\/1328#wpcf7-f465-o1\">\n<fieldset class=\"hidden-fields-container\"><input type=\"hidden\" name=\"_wpcf7\" value=\"465\" \/><input type=\"hidden\" name=\"_wpcf7_version\" value=\"6.1.5\" \/><input type=\"hidden\" name=\"_wpcf7_locale\" value=\"en_US\" \/><input type=\"hidden\" name=\"_wpcf7_unit_tag\" value=\"wpcf7-f465-o1\" \/><input type=\"hidden\" name=\"_wpcf7_container_post\" value=\"0\" \/><input type=\"hidden\" name=\"_wpcf7_posted_data_hash\" value=\"\" \/>\n<\/fieldset>\n<div class=\"your-name\">\n     <span class=\"wpcf7-form-control-wrap\" data-name=\"your-name\"><input size=\"40\" maxlength=\"400\" class=\"wpcf7-form-control wpcf7-text wpcf7-validates-as-required\" aria-required=\"true\" aria-invalid=\"false\" placeholder=\"Full name\" value=\"\" type=\"text\" name=\"your-name\" \/><\/span>\n   <\/div>\n   <div class=\"your-phone\">\n     <span class=\"wpcf7-form-control-wrap\" data-name=\"your-phone\"><input size=\"40\" maxlength=\"400\" class=\"wpcf7-form-control wpcf7-text wpcf7-validates-as-required\" aria-required=\"true\" aria-invalid=\"false\" placeholder=\"Phone Number\" value=\"\" type=\"text\" name=\"your-phone\" \/><\/span>\n   <\/div>\n   <div class=\"your-email\">\n      <span class=\"wpcf7-form-control-wrap\" data-name=\"your-email\"><input size=\"40\" maxlength=\"400\" class=\"wpcf7-form-control wpcf7-email wpcf7-validates-as-required wpcf7-text wpcf7-validates-as-email\" aria-required=\"true\" aria-invalid=\"false\" placeholder=\"Email Address\" value=\"\" type=\"email\" name=\"your-email\" \/><\/span> \n   <\/div>\n   <div class=\"your-message\">\n      <span class=\"wpcf7-form-control-wrap\" data-name=\"your-message\"><textarea cols=\"40\" rows=\"10\" maxlength=\"2000\" class=\"wpcf7-form-control wpcf7-textarea\" aria-invalid=\"false\" placeholder=\"Write Message...\" name=\"your-message\"><\/textarea><\/span>\n   <\/div>\n   <div class=\"form-action\"><span class=\"btn-outline-theme\"><input class=\"wpcf7-form-control wpcf7-submit has-spinner\" type=\"submit\" value=\"Send Message\" \/><\/span><\/div><div class=\"wpcf7-response-output\" aria-hidden=\"true\"><\/div>\n<input type=\"hidden\" name=\"trp-form-language\" value=\"de\"\/><\/form>\n<\/div>\n<\/div>\n\t\t\t\t<\/div>\n\t\t\t\t<\/div>\n\t\t\t\t\t<\/div>\n\t\t<\/div>\n\t\t\t\t\t<\/div>\n\t\t<\/section>\n\t\t\t\t<\/div>","protected":false},"excerpt":{"rendered":"<p>Alunet People are at the centre of our business. Emphasising that people are at the core of our business remains at the very heart of our values and strategy. Our approach to human resources prioritises issues such as contributing to employment, gender equality, employee health and safety, talent and loyalty management, and training and development. [&hellip;]<\/p>\n","protected":false},"author":1,"featured_media":0,"parent":0,"menu_order":0,"comment_status":"closed","ping_status":"closed","template":"","meta":{"inline_featured_image":false,"footnotes":""},"class_list":["post-1328","page","type-page","status-publish","hentry"],"_links":{"self":[{"href":"https:\/\/www.alunet.com.tr\/de\/wp-json\/wp\/v2\/pages\/1328","targetHints":{"allow":["GET"]}}],"collection":[{"href":"https:\/\/www.alunet.com.tr\/de\/wp-json\/wp\/v2\/pages"}],"about":[{"href":"https:\/\/www.alunet.com.tr\/de\/wp-json\/wp\/v2\/types\/page"}],"author":[{"embeddable":true,"href":"https:\/\/www.alunet.com.tr\/de\/wp-json\/wp\/v2\/users\/1"}],"replies":[{"embeddable":true,"href":"https:\/\/www.alunet.com.tr\/de\/wp-json\/wp\/v2\/comments?post=1328"}],"version-history":[{"count":125,"href":"https:\/\/www.alunet.com.tr\/de\/wp-json\/wp\/v2\/pages\/1328\/revisions"}],"predecessor-version":[{"id":3839,"href":"https:\/\/www.alunet.com.tr\/de\/wp-json\/wp\/v2\/pages\/1328\/revisions\/3839"}],"wp:attachment":[{"href":"https:\/\/www.alunet.com.tr\/de\/wp-json\/wp\/v2\/media?parent=1328"}],"curies":[{"name":"wp","href":"https:\/\/api.w.org\/{rel}","templated":true}]}}