{"id":1266,"date":"2024-09-06T11:05:35","date_gmt":"2024-09-06T11:05:35","guid":{"rendered":"https:\/\/alunet.com.tr\/?page_id=1266"},"modified":"2024-10-14T10:50:14","modified_gmt":"2024-10-14T10:50:14","slug":"consturaction","status":"publish","type":"page","link":"https:\/\/www.alunet.com.tr\/de\/consturaction\/","title":{"rendered":"Construction"},"content":{"rendered":"<div data-elementor-type=\"wp-page\" data-elementor-id=\"1266\" class=\"elementor elementor-1266\">\n\t\t\t\t\t\t<section class=\"elementor-section elementor-top-section elementor-element elementor-element-8f8cb35 elementor-section-height-min-height elementor-section-boxed elementor-section-height-default elementor-section-items-middle\" data-id=\"8f8cb35\" data-element_type=\"section\" data-settings=\"{&quot;background_background&quot;:&quot;classic&quot;}\">\n\t\t\t\t\t\t\t<div class=\"elementor-background-overlay\"><\/div>\n\t\t\t\t\t\t\t<div class=\"elementor-container elementor-column-gap-default\">\n\t\t\t\t\t<div class=\"elementor-column elementor-col-100 elementor-top-column elementor-element elementor-element-3d2e03f\" data-id=\"3d2e03f\" data-element_type=\"column\" data-settings=\"{&quot;background_background&quot;:&quot;classic&quot;}\">\n\t\t\t<div class=\"elementor-widget-wrap elementor-element-populated\">\n\t\t\t\t\t<div class=\"elementor-background-overlay\"><\/div>\n\t\t\t\t\t\t<div class=\"elementor-element elementor-element-0c02037 elementor-widget elementor-widget-gva-heading-block\" data-id=\"0c02037\" data-element_type=\"widget\" data-widget_type=\"gva-heading-block.default\">\n\t\t\t\t<div class=\"elementor-widget-container\">\n\t\t\t<div class=\"gva-element-gva-heading-block gva-element\">   <div class=\"align-left style-1 widget gsc-heading box-align-left auto-responsive\">\r\n      <div class=\"content-inner\">\r\n         \r\n                  \r\n            \r\n         \r\n                     <h2 class=\"title\">\r\n               <span>Construction<\/span>\r\n            <\/h2>\r\n                  \r\n         \r\n         \r\n      <\/div>\r\n   <\/div>\r\n<\/div>\t\t<\/div>\n\t\t\t\t<\/div>\n\t\t\t\t\t<\/div>\n\t\t<\/div>\n\t\t\t\t\t<\/div>\n\t\t<\/section>\n\t\t\t\t<section class=\"elementor-section elementor-top-section elementor-element elementor-element-f8637e9 elementor-section-boxed elementor-section-height-default elementor-section-height-default\" data-id=\"f8637e9\" data-element_type=\"section\" data-settings=\"{&quot;background_background&quot;:&quot;classic&quot;}\">\n\t\t\t\t\t\t<div class=\"elementor-container elementor-column-gap-default\">\n\t\t\t\t\t<div class=\"elementor-column elementor-col-50 elementor-top-column elementor-element elementor-element-1fe72a7\" data-id=\"1fe72a7\" data-element_type=\"column\">\n\t\t\t<div class=\"elementor-widget-wrap elementor-element-populated\">\n\t\t\t\t\t\t<div class=\"elementor-element elementor-element-be6884b elementor-widget elementor-widget-gva-image-content\" data-id=\"be6884b\" data-element_type=\"widget\" data-widget_type=\"gva-image-content.default\">\n\t\t\t\t<div class=\"elementor-widget-container\">\n\t\t\t<div class=\"gva-element-gva-image-content gva-element\">\t\t\r\n\t  \r\n\t \r\n\r\n\t\t\t<div class=\"about-two__single\">\r\n\t\t  \t<div class=\"about-two__image\"><div class=\"content-inner\"><img decoding=\"async\" src=\"https:\/\/alunet.com.tr\/wp-content\/uploads\/2024\/10\/11547.jpg\" alt=\"20\" \/><\/div><\/div><div class=\"about-two__box-content\"><div class=\"about-two__box-content-inner\"><div class=\"about-two__desc\">Jahre\nErfahrung<\/div><div class=\"about-two__title\">20<\/div><\/div><\/div>\t\t<\/div>\r\n\t \r\n\r\n\t\r\n\t \r\n  \r\n \r\n\r\n  \r\n \r\n\r\n <\/div>\t\t<\/div>\n\t\t\t\t<\/div>\n\t\t\t\t\t<\/div>\n\t\t<\/div>\n\t\t\t\t<div class=\"elementor-column elementor-col-50 elementor-top-column elementor-element elementor-element-14f9356\" data-id=\"14f9356\" data-element_type=\"column\">\n\t\t\t<div class=\"elementor-widget-wrap elementor-element-populated\">\n\t\t\t\t\t\t<div class=\"elementor-element elementor-element-445ccfd elementor-widget elementor-widget-gva-heading-block\" data-id=\"445ccfd\" data-element_type=\"widget\" data-settings=\"{&quot;_animation&quot;:&quot;none&quot;}\" data-widget_type=\"gva-heading-block.default\">\n\t\t\t\t<div class=\"elementor-widget-container\">\n\t\t\t<div class=\"gva-element-gva-heading-block gva-element\">   <div class=\"align-left style-1 widget gsc-heading box-align-left auto-responsive\">\r\n      <div class=\"content-inner\">\r\n         \r\n                  \r\n         <div class=\"sub-title\"><span class=\"heading-icon\"><\/span><span class=\"tagline\">Alunet<\/span><\/div>   \r\n         \r\n                     <h2 class=\"title\">\r\n               <span>Aluminium f\u00fcr den Bausektor<\/span>\r\n            <\/h2>\r\n                  \r\n                     <div class=\"title-desc\">Die nahezu unbegrenzte Formbarkeit erm\u00f6glicht k\u00fchne und intelligente\nFassadenl\u00f6sungen. Auch im Bereich der erneuerbaren Energien ist der Einsatz von\n\nAluminium inzwischen unverzichtbar. Deshalb finden sich unsere Aluminiumprofile\nunter anderem in den Unterkonstruktionen von Solaranlagen. Dar\u00fcber hinaus sorgen\nAlunet-Aluminiumprodukte in Geb\u00e4uden f\u00fcr \u00e4sthetisch ansprechende und\nhochwertige L\u00f6sungen im Bad oder in der K\u00fcche. Aluminium ist zudem das\nbevorzugte Material f\u00fcr dekorative Designelemente an M\u00f6beln und\nBeleuchtungssystemen.\n\n<\/div>\r\n         \r\n         \r\n      <\/div>\r\n   <\/div>\r\n<\/div>\t\t<\/div>\n\t\t\t\t<\/div>\n\t\t\t\t\t<\/div>\n\t\t<\/div>\n\t\t\t\t\t<\/div>\n\t\t<\/section>\n\t\t\t\t<section class=\"elementor-section elementor-top-section elementor-element elementor-element-b768c56 elementor-section-boxed elementor-section-height-default elementor-section-height-default\" data-id=\"b768c56\" data-element_type=\"section\" data-settings=\"{&quot;background_background&quot;:&quot;classic&quot;}\">\n\t\t\t\t\t\t<div class=\"elementor-container elementor-column-gap-default\">\n\t\t\t\t\t<div class=\"elementor-column elementor-col-50 elementor-top-column elementor-element elementor-element-b754b68\" data-id=\"b754b68\" data-element_type=\"column\">\n\t\t\t<div class=\"elementor-widget-wrap elementor-element-populated\">\n\t\t\t\t\t\t<div class=\"elementor-element elementor-element-4704d08 elementor-widget elementor-widget-gva-heading-block\" data-id=\"4704d08\" data-element_type=\"widget\" data-settings=\"{&quot;_animation&quot;:&quot;none&quot;}\" data-widget_type=\"gva-heading-block.default\">\n\t\t\t\t<div class=\"elementor-widget-container\">\n\t\t\t<div class=\"gva-element-gva-heading-block gva-element\">   <div class=\"align-left style-1 widget gsc-heading box-align-left auto-responsive\">\r\n      <div class=\"content-inner\">\r\n         \r\n                  \r\n         <div class=\"sub-title\"><span class=\"heading-icon\"><\/span><span class=\"tagline\">Alunet<\/span><\/div>   \r\n         \r\n                     <h2 class=\"title\">\r\n               <span>W\u00e4rmed\u00e4mmung<\/span>\r\n            <\/h2>\r\n                  \r\n                     <div class=\"title-desc\">Systeme mit thermischer Trennung nutzen Polyamid, um die W\u00e4rmeleitung entlang\nvon Aluminiumprofilen zu unterbrechen. Die thermische Trennung verbessert die\nEnergieeffizienz, begrenzt die innere Kondensatbildung und erm\u00f6glicht eine doppelte\nOberfl\u00e4chenveredelung, wodurch Fenster innen und au\u00dfen unterschiedlich gestaltet\nwerden k\u00f6nnen.\n\n<\/div>\r\n         \r\n         \r\n      <\/div>\r\n   <\/div>\r\n<\/div>\t\t<\/div>\n\t\t\t\t<\/div>\n\t\t\t\t\t<\/div>\n\t\t<\/div>\n\t\t\t\t<div class=\"elementor-column elementor-col-50 elementor-top-column elementor-element elementor-element-9912f4d\" data-id=\"9912f4d\" data-element_type=\"column\">\n\t\t\t<div class=\"elementor-widget-wrap elementor-element-populated\">\n\t\t\t\t\t\t<div class=\"elementor-element elementor-element-c178c03 elementor-widget elementor-widget-gva-image-content\" data-id=\"c178c03\" data-element_type=\"widget\" data-widget_type=\"gva-image-content.default\">\n\t\t\t\t<div class=\"elementor-widget-container\">\n\t\t\t<div class=\"gva-element-gva-image-content gva-element\">\t\t\r\n\t  \r\n\t \r\n\r\n\t\t\t<div class=\"about-two__single\">\r\n\t\t  \t<div class=\"about-two__image\"><div class=\"content-inner\"><img decoding=\"async\" src=\"https:\/\/alunet.com.tr\/wp-content\/uploads\/2024\/10\/gorsel-alunet-kaplama-al.jpg\" alt=\"20\" \/><\/div><\/div><div class=\"about-two__box-content\"><div class=\"about-two__box-content-inner\"><div class=\"about-two__desc\">Jahre\nErfahrung<\/div><div class=\"about-two__title\">20<\/div><\/div><\/div>\t\t<\/div>\r\n\t \r\n\r\n\t\r\n\t \r\n  \r\n \r\n\r\n  \r\n \r\n\r\n <\/div>\t\t<\/div>\n\t\t\t\t<\/div>\n\t\t\t\t\t<\/div>\n\t\t<\/div>\n\t\t\t\t\t<\/div>\n\t\t<\/section>\n\t\t\t\t<section class=\"elementor-section elementor-top-section elementor-element elementor-element-6e76fef elementor-section-boxed elementor-section-height-default elementor-section-height-default\" data-id=\"6e76fef\" data-element_type=\"section\" data-settings=\"{&quot;background_background&quot;:&quot;classic&quot;}\">\n\t\t\t\t\t\t<div class=\"elementor-container elementor-column-gap-default\">\n\t\t\t\t\t<div class=\"elementor-column elementor-col-50 elementor-top-column elementor-element elementor-element-20366e6\" data-id=\"20366e6\" data-element_type=\"column\">\n\t\t\t<div class=\"elementor-widget-wrap elementor-element-populated\">\n\t\t\t\t\t\t<div class=\"elementor-element elementor-element-a9e989c elementor-widget elementor-widget-gva-image-content\" data-id=\"a9e989c\" data-element_type=\"widget\" data-widget_type=\"gva-image-content.default\">\n\t\t\t\t<div class=\"elementor-widget-container\">\n\t\t\t<div class=\"gva-element-gva-image-content gva-element\">\t\t\r\n\t  \r\n\t \r\n\r\n\t\t\t<div class=\"about-two__single\">\r\n\t\t  \t<div class=\"about-two__image\"><div class=\"content-inner\"><img decoding=\"async\" src=\"https:\/\/alunet.com.tr\/wp-content\/uploads\/2024\/10\/system-profiles-alunet.jpg\" alt=\"20\" \/><\/div><\/div><div class=\"about-two__box-content\"><div class=\"about-two__box-content-inner\"><div class=\"about-two__desc\">Jahre\nErfahrung<\/div><div class=\"about-two__title\">20<\/div><\/div><\/div>\t\t<\/div>\r\n\t \r\n\r\n\t\r\n\t \r\n  \r\n \r\n\r\n  \r\n \r\n\r\n <\/div>\t\t<\/div>\n\t\t\t\t<\/div>\n\t\t\t\t\t<\/div>\n\t\t<\/div>\n\t\t\t\t<div class=\"elementor-column elementor-col-50 elementor-top-column elementor-element elementor-element-46f2819\" data-id=\"46f2819\" data-element_type=\"column\">\n\t\t\t<div class=\"elementor-widget-wrap elementor-element-populated\">\n\t\t\t\t\t\t<div class=\"elementor-element elementor-element-f0d1803 elementor-widget elementor-widget-gva-heading-block\" data-id=\"f0d1803\" data-element_type=\"widget\" data-settings=\"{&quot;_animation&quot;:&quot;none&quot;}\" data-widget_type=\"gva-heading-block.default\">\n\t\t\t\t<div class=\"elementor-widget-container\">\n\t\t\t<div class=\"gva-element-gva-heading-block gva-element\">   <div class=\"align-left style-1 widget gsc-heading box-align-left auto-responsive\">\r\n      <div class=\"content-inner\">\r\n         \r\n                  \r\n         <div class=\"sub-title\"><span class=\"heading-icon\"><\/span><span class=\"tagline\">Alunet<\/span><\/div>   \r\n         \r\n                     <h2 class=\"title\">\r\n               <span>Ger\u00fcst- &amp; Zugangssystem-Profile<\/span>\r\n            <\/h2>\r\n                  \r\n                     <div class=\"title-desc\">Mobile Ger\u00fcste sind tragbare Strukturen, die bevorzugt bei Bau-, Wartungs-,\nReparatur- und \u00e4hnlichen industriellen Anwendungen eingesetzt werden. Sie werden\nvon Fachkr\u00e4ften genutzt, um einen sicheren und einfachen Zugang zu hoch\ngelegenen Arbeitsbereichen zu gew\u00e4hrleisten. Sorgf\u00e4ltig konzipierte mobile Ger\u00fcste\nmit der erforderlichen Robustheit und Langlebigkeit werden aus hochwertigen\nMaterialien gefertigt. \n<\/div>\r\n         \r\n         \r\n      <\/div>\r\n   <\/div>\r\n<\/div>\t\t<\/div>\n\t\t\t\t<\/div>\n\t\t\t\t\t<\/div>\n\t\t<\/div>\n\t\t\t\t\t<\/div>\n\t\t<\/section>\n\t\t\t\t<section class=\"elementor-section elementor-top-section elementor-element elementor-element-bf4987e elementor-section-boxed elementor-section-height-default elementor-section-height-default\" data-id=\"bf4987e\" data-element_type=\"section\" data-settings=\"{&quot;background_background&quot;:&quot;classic&quot;}\">\n\t\t\t\t\t\t<div class=\"elementor-container elementor-column-gap-default\">\n\t\t\t\t\t<div class=\"elementor-column elementor-col-50 elementor-top-column elementor-element elementor-element-11e292e\" data-id=\"11e292e\" data-element_type=\"column\">\n\t\t\t<div class=\"elementor-widget-wrap elementor-element-populated\">\n\t\t\t\t\t\t<div class=\"elementor-element elementor-element-e26fba9 elementor-widget elementor-widget-gva-heading-block\" data-id=\"e26fba9\" data-element_type=\"widget\" data-settings=\"{&quot;_animation&quot;:&quot;none&quot;}\" data-widget_type=\"gva-heading-block.default\">\n\t\t\t\t<div class=\"elementor-widget-container\">\n\t\t\t<div class=\"gva-element-gva-heading-block gva-element\">   <div class=\"align-left style-1 widget gsc-heading box-align-left auto-responsive\">\r\n      <div class=\"content-inner\">\r\n         \r\n                  \r\n         <div class=\"sub-title\"><span class=\"heading-icon\"><\/span><span class=\"tagline\">Alunet<\/span><\/div>   \r\n         \r\n                     <h2 class=\"title\">\r\n               <span>Terrassen- &amp; Gartensystem-Profile<\/span>\r\n            <\/h2>\r\n                  \r\n                     <div class=\"title-desc\">Aluminiumkonstruktionen eignen sich beispielsweise ideal als Verbindung zwischen\ndem Innenbereich eines Geb\u00e4udes und der Terrasse, dem Wintergarten oder dem\nBalkon. \n<br><br>\n\nDie Pergola ist eine \u00e4u\u00dferst vielseitige L\u00f6sung zur \u00dcberdachung gro\u00dfer Fl\u00e4chen. Sie\nstellt zweifellos eine stilvolle Erg\u00e4nzung dar, die perfekt zu den Trends der modernen\nArchitektur passt. Das Produkt eignet sich nicht nur f\u00fcr Einfamilienh\u00e4user als\nBestandteil von Terrassen- oder Gartengestaltungen, sondern auch f\u00fcr gewerbliche\nGeb\u00e4ude \u2013 etwa als moderne und praktische \u00dcberdachung von Sommerg\u00e4rten in\nCaf\u00e9s oder Restaurants. Dank der M\u00f6glichkeit, Seitenrollos oder\nGlasschiebepaneele zu integrieren, kann die Pergola unabh\u00e4ngig von den\nherrschenden Wetterbedingungen genutzt werden.\n<\/div>\r\n         \r\n         \r\n      <\/div>\r\n   <\/div>\r\n<\/div>\t\t<\/div>\n\t\t\t\t<\/div>\n\t\t\t\t\t<\/div>\n\t\t<\/div>\n\t\t\t\t<div class=\"elementor-column elementor-col-50 elementor-top-column elementor-element elementor-element-f040860\" data-id=\"f040860\" data-element_type=\"column\">\n\t\t\t<div class=\"elementor-widget-wrap elementor-element-populated\">\n\t\t\t\t\t\t<div class=\"elementor-element elementor-element-bb59e75 elementor-widget elementor-widget-gva-image-content\" data-id=\"bb59e75\" data-element_type=\"widget\" data-widget_type=\"gva-image-content.default\">\n\t\t\t\t<div class=\"elementor-widget-container\">\n\t\t\t<div class=\"gva-element-gva-image-content gva-element\">\t\t\r\n\t  \r\n\t \r\n\r\n\t\t\t<div class=\"about-two__single\">\r\n\t\t  \t<div class=\"about-two__image\"><div class=\"content-inner\"><img decoding=\"async\" src=\"https:\/\/www.alunet.com.tr\/wp-content\/uploads\/2024\/10\/terasse-fa-1.jpg\" alt=\"20\" \/><\/div><\/div><div class=\"about-two__box-content\"><div class=\"about-two__box-content-inner\"><div class=\"about-two__desc\">Jahre\nErfahrung<\/div><div class=\"about-two__title\">20<\/div><\/div><\/div>\t\t<\/div>\r\n\t \r\n\r\n\t\r\n\t \r\n  \r\n \r\n\r\n  \r\n \r\n\r\n <\/div>\t\t<\/div>\n\t\t\t\t<\/div>\n\t\t\t\t\t<\/div>\n\t\t<\/div>\n\t\t\t\t\t<\/div>\n\t\t<\/section>\n\t\t\t\t<section class=\"elementor-section elementor-top-section elementor-element elementor-element-8f505a4 elementor-section-boxed elementor-section-height-default elementor-section-height-default\" data-id=\"8f505a4\" data-element_type=\"section\" data-settings=\"{&quot;background_background&quot;:&quot;classic&quot;}\">\n\t\t\t\t\t\t<div class=\"elementor-container elementor-column-gap-default\">\n\t\t\t\t\t<div class=\"elementor-column elementor-col-50 elementor-top-column elementor-element elementor-element-06448a0\" data-id=\"06448a0\" data-element_type=\"column\">\n\t\t\t<div class=\"elementor-widget-wrap elementor-element-populated\">\n\t\t\t\t\t\t<div class=\"elementor-element elementor-element-9ce7fc2 elementor-widget elementor-widget-gva-image-content\" data-id=\"9ce7fc2\" data-element_type=\"widget\" data-widget_type=\"gva-image-content.default\">\n\t\t\t\t<div class=\"elementor-widget-container\">\n\t\t\t<div class=\"gva-element-gva-image-content gva-element\">\t\t\r\n\t  \r\n\t \r\n\r\n\t\t\t<div class=\"about-two__single\">\r\n\t\t  \t<div class=\"about-two__image\"><div class=\"content-inner\"><img decoding=\"async\" src=\"https:\/\/www.alunet.com.tr\/wp-content\/uploads\/2024\/10\/facade.png\" alt=\"20\" \/><\/div><\/div><div class=\"about-two__box-content\"><div class=\"about-two__box-content-inner\"><div class=\"about-two__desc\">Jahre\nErfahrung<\/div><div class=\"about-two__title\">20<\/div><\/div><\/div>\t\t<\/div>\r\n\t \r\n\r\n\t\r\n\t \r\n  \r\n \r\n\r\n  \r\n \r\n\r\n <\/div>\t\t<\/div>\n\t\t\t\t<\/div>\n\t\t\t\t\t<\/div>\n\t\t<\/div>\n\t\t\t\t<div class=\"elementor-column elementor-col-50 elementor-top-column elementor-element elementor-element-d3f95c9\" data-id=\"d3f95c9\" data-element_type=\"column\">\n\t\t\t<div class=\"elementor-widget-wrap elementor-element-populated\">\n\t\t\t\t\t\t<div class=\"elementor-element elementor-element-cd33e30 elementor-widget elementor-widget-gva-heading-block\" data-id=\"cd33e30\" data-element_type=\"widget\" data-settings=\"{&quot;_animation&quot;:&quot;none&quot;}\" data-widget_type=\"gva-heading-block.default\">\n\t\t\t\t<div class=\"elementor-widget-container\">\n\t\t\t<div class=\"gva-element-gva-heading-block gva-element\">   <div class=\"align-left style-1 widget gsc-heading box-align-left auto-responsive\">\r\n      <div class=\"content-inner\">\r\n         \r\n                  \r\n         <div class=\"sub-title\"><span class=\"heading-icon\"><\/span><span class=\"tagline\">Alunet<\/span><\/div>   \r\n         \r\n                     <h2 class=\"title\">\r\n               <span>Fassadenbefestigungssysteme<\/span>\r\n            <\/h2>\r\n                  \r\n                     <div class=\"title-desc\">FAlunet ist auf Eckkeilprofile spezialisiert. Dank unserer Pr\u00e4zisionss\u00e4gemaschinen, die\nmit einer engen Toleranz von unter 0,1 mm schneiden k\u00f6nnen, sowie unserer\nautomatischen Bohr- und Gewindeschneidlinie verf\u00fcgen wir \u00fcber eine hohe\nProduktionskapazit\u00e4t bei gleichzeitig h\u00f6chster Ma\u00dfgenauigkeit. Unser Thorowalising-\nVerfahren erm\u00f6glicht es uns zudem, unseren Kunden hochwertige Produkte in\nspeziellen, kleinformatigen Verpackungen \u2013 zusammen mit dem entsprechenden\nBefestigungsmaterial \u2013 zu liefern.\n<\/div>\r\n         \r\n         \r\n      <\/div>\r\n   <\/div>\r\n<\/div>\t\t<\/div>\n\t\t\t\t<\/div>\n\t\t\t\t\t<\/div>\n\t\t<\/div>\n\t\t\t\t\t<\/div>\n\t\t<\/section>\n\t\t\t\t<section class=\"elementor-section elementor-top-section elementor-element elementor-element-96807c7 elementor-reverse-tablet elementor-reverse-mobile elementor-hidden-desktop elementor-hidden-tablet elementor-hidden-mobile elementor-section-boxed elementor-section-height-default elementor-section-height-default\" data-id=\"96807c7\" data-element_type=\"section\">\n\t\t\t\t\t\t<div class=\"elementor-container elementor-column-gap-default\">\n\t\t\t\t\t<div class=\"elementor-column elementor-col-33 elementor-top-column elementor-element elementor-element-4379dff\" data-id=\"4379dff\" data-element_type=\"column\">\n\t\t\t<div class=\"elementor-widget-wrap elementor-element-populated\">\n\t\t\t\t\t\t<div class=\"elementor-element elementor-element-d6ae041 elementor-widget elementor-widget-image\" data-id=\"d6ae041\" data-element_type=\"widget\" data-widget_type=\"image.default\">\n\t\t\t\t<div class=\"elementor-widget-container\">\n\t\t\t\t\t\t\t\t\t\t\t\t\t<img fetchpriority=\"high\" decoding=\"async\" width=\"600\" height=\"600\" src=\"https:\/\/www.alunet.com.tr\/wp-content\/uploads\/2024\/09\/bau-aluminum-and-structure.jpg\" class=\"attachment-large size-large wp-image-1720\" alt=\"\" srcset=\"https:\/\/www.alunet.com.tr\/wp-content\/uploads\/2024\/09\/bau-aluminum-and-structure.jpg 600w, https:\/\/www.alunet.com.tr\/wp-content\/uploads\/2024\/09\/bau-aluminum-and-structure-175x175.jpg 175w, https:\/\/www.alunet.com.tr\/wp-content\/uploads\/2024\/09\/bau-aluminum-and-structure-12x12.jpg 12w\" sizes=\"(max-width: 600px) 100vw, 600px\" \/>\t\t\t\t\t\t\t\t\t\t\t\t\t<\/div>\n\t\t\t\t<\/div>\n\t\t\t\t<div class=\"elementor-element elementor-element-645b161 elementor-widget elementor-widget-heading\" data-id=\"645b161\" data-element_type=\"widget\" data-widget_type=\"heading.default\">\n\t\t\t\t<div class=\"elementor-widget-container\">\n\t\t\t<h2 class=\"elementor-heading-title elementor-size-default\">Construction<\/h2>\t\t<\/div>\n\t\t\t\t<\/div>\n\t\t\t\t<div class=\"elementor-element elementor-element-eb38cf8 elementor-widget elementor-widget-text-editor\" data-id=\"eb38cf8\" data-element_type=\"widget\" data-widget_type=\"text-editor.default\">\n\t\t\t\t<div class=\"elementor-widget-container\">\n\t\t\t\t\t\t\t<p>We are experts in aluminum profile solutions. We offer high-precision profiles for windows, doors, industrial and garage doors and fa\u00e7ades. From production to surface finishing and on-time delivery, we offer a comprehensive range of services.<\/p><h4>\u00a0<\/h4>\t\t\t\t\t\t<\/div>\n\t\t\t\t<\/div>\n\t\t\t\t\t<\/div>\n\t\t<\/div>\n\t\t\t\t<div class=\"elementor-column elementor-col-33 elementor-top-column elementor-element elementor-element-b2de93b\" data-id=\"b2de93b\" data-element_type=\"column\">\n\t\t\t<div class=\"elementor-widget-wrap elementor-element-populated\">\n\t\t\t\t\t\t<div class=\"elementor-element elementor-element-bfb6ad1 elementor-widget elementor-widget-image\" data-id=\"bfb6ad1\" data-element_type=\"widget\" data-widget_type=\"image.default\">\n\t\t\t\t<div class=\"elementor-widget-container\">\n\t\t\t\t\t\t\t\t\t\t\t\t\t<img decoding=\"async\" width=\"600\" height=\"600\" src=\"https:\/\/www.alunet.com.tr\/wp-content\/uploads\/2024\/09\/aluminum-and-sun-protection-systems.jpg\" class=\"attachment-large size-large wp-image-1721\" alt=\"\" srcset=\"https:\/\/www.alunet.com.tr\/wp-content\/uploads\/2024\/09\/aluminum-and-sun-protection-systems.jpg 600w, https:\/\/www.alunet.com.tr\/wp-content\/uploads\/2024\/09\/aluminum-and-sun-protection-systems-175x175.jpg 175w, https:\/\/www.alunet.com.tr\/wp-content\/uploads\/2024\/09\/aluminum-and-sun-protection-systems-12x12.jpg 12w\" sizes=\"(max-width: 600px) 100vw, 600px\" \/>\t\t\t\t\t\t\t\t\t\t\t\t\t<\/div>\n\t\t\t\t<\/div>\n\t\t\t\t<div class=\"elementor-element elementor-element-d3d24b3 elementor-widget elementor-widget-heading\" data-id=\"d3d24b3\" data-element_type=\"widget\" data-widget_type=\"heading.default\">\n\t\t\t\t<div class=\"elementor-widget-container\">\n\t\t\t<h2 class=\"elementor-heading-title elementor-size-default\">Sun protection systems<\/h2>\t\t<\/div>\n\t\t\t\t<\/div>\n\t\t\t\t<div class=\"elementor-element elementor-element-a8f0a2b elementor-widget elementor-widget-text-editor\" data-id=\"a8f0a2b\" data-element_type=\"widget\" data-widget_type=\"text-editor.default\">\n\t\t\t\t<div class=\"elementor-widget-container\">\n\t\t\t\t\t\t\t<p>We manufacture aluminum profiles for awnings and sun protection slats. We support your projects with short production times and flexible solutions.<\/p>\t\t\t\t\t\t<\/div>\n\t\t\t\t<\/div>\n\t\t\t\t\t<\/div>\n\t\t<\/div>\n\t\t\t\t<div class=\"elementor-column elementor-col-33 elementor-top-column elementor-element elementor-element-06cc350\" data-id=\"06cc350\" data-element_type=\"column\">\n\t\t\t<div class=\"elementor-widget-wrap elementor-element-populated\">\n\t\t\t\t\t\t<div class=\"elementor-element elementor-element-e9c5b78 elementor-widget elementor-widget-image\" data-id=\"e9c5b78\" data-element_type=\"widget\" data-widget_type=\"image.default\">\n\t\t\t\t<div class=\"elementor-widget-container\">\n\t\t\t\t\t\t\t\t\t\t\t\t\t<img decoding=\"async\" width=\"600\" height=\"600\" src=\"https:\/\/www.alunet.com.tr\/wp-content\/uploads\/2024\/09\/aluminum-and-siding-and-roofing-.jpg\" class=\"attachment-large size-large wp-image-1723\" alt=\"\" srcset=\"https:\/\/www.alunet.com.tr\/wp-content\/uploads\/2024\/09\/aluminum-and-siding-and-roofing-.jpg 600w, https:\/\/www.alunet.com.tr\/wp-content\/uploads\/2024\/09\/aluminum-and-siding-and-roofing--175x175.jpg 175w, https:\/\/www.alunet.com.tr\/wp-content\/uploads\/2024\/09\/aluminum-and-siding-and-roofing--12x12.jpg 12w\" sizes=\"(max-width: 600px) 100vw, 600px\" \/>\t\t\t\t\t\t\t\t\t\t\t\t\t<\/div>\n\t\t\t\t<\/div>\n\t\t\t\t<div class=\"elementor-element elementor-element-828c8ed elementor-widget elementor-widget-heading\" data-id=\"828c8ed\" data-element_type=\"widget\" data-widget_type=\"heading.default\">\n\t\t\t\t<div class=\"elementor-widget-container\">\n\t\t\t<h2 class=\"elementor-heading-title elementor-size-default\">Exterior cladding and roof systems<\/h2>\t\t<\/div>\n\t\t\t\t<\/div>\n\t\t\t\t<div class=\"elementor-element elementor-element-9bc63de elementor-widget elementor-widget-text-editor\" data-id=\"9bc63de\" data-element_type=\"widget\" data-widget_type=\"text-editor.default\">\n\t\t\t\t<div class=\"elementor-widget-container\">\n\t\t\t\t\t\t\t<p>We supply aluminum profiles for conservatories and carports. We also have many years of experience in folding sliding doors.<\/p>\t\t\t\t\t\t<\/div>\n\t\t\t\t<\/div>\n\t\t\t\t\t<\/div>\n\t\t<\/div>\n\t\t\t\t\t<\/div>\n\t\t<\/section>\n\t\t\t\t<\/div>","protected":false},"excerpt":{"rendered":"<p>Construction Jahre Erfahrung20 Alunet Aluminium for the construction sector The almost unlimited malleability allows for bold and intelligent fa\u00e7ade solutions. For renewable sources of energy, the use of aluminium is also now indispensable. This is why you will find our aluminium profiles in the substructures of solar power systems. In addition, Alunet aluminium products in [&hellip;]<\/p>\n","protected":false},"author":1,"featured_media":0,"parent":0,"menu_order":0,"comment_status":"closed","ping_status":"closed","template":"","meta":{"inline_featured_image":false,"footnotes":""},"class_list":["post-1266","page","type-page","status-publish","hentry"],"_links":{"self":[{"href":"https:\/\/www.alunet.com.tr\/de\/wp-json\/wp\/v2\/pages\/1266","targetHints":{"allow":["GET"]}}],"collection":[{"href":"https:\/\/www.alunet.com.tr\/de\/wp-json\/wp\/v2\/pages"}],"about":[{"href":"https:\/\/www.alunet.com.tr\/de\/wp-json\/wp\/v2\/types\/page"}],"author":[{"embeddable":true,"href":"https:\/\/www.alunet.com.tr\/de\/wp-json\/wp\/v2\/users\/1"}],"replies":[{"embeddable":true,"href":"https:\/\/www.alunet.com.tr\/de\/wp-json\/wp\/v2\/comments?post=1266"}],"version-history":[{"count":113,"href":"https:\/\/www.alunet.com.tr\/de\/wp-json\/wp\/v2\/pages\/1266\/revisions"}],"predecessor-version":[{"id":3960,"href":"https:\/\/www.alunet.com.tr\/de\/wp-json\/wp\/v2\/pages\/1266\/revisions\/3960"}],"wp:attachment":[{"href":"https:\/\/www.alunet.com.tr\/de\/wp-json\/wp\/v2\/media?parent=1266"}],"curies":[{"name":"wp","href":"https:\/\/api.w.org\/{rel}","templated":true}]}}