{"id":1091,"date":"2024-09-05T09:16:13","date_gmt":"2024-09-05T09:16:13","guid":{"rendered":"https:\/\/alunet.com.tr\/?page_id=1091"},"modified":"2024-10-15T14:41:30","modified_gmt":"2024-10-15T14:41:30","slug":"packaging-logistics","status":"publish","type":"page","link":"https:\/\/www.alunet.com.tr\/de\/packaging-logistics\/","title":{"rendered":"Packaging &#038; Logistics"},"content":{"rendered":"<div data-elementor-type=\"wp-page\" data-elementor-id=\"1091\" class=\"elementor elementor-1091\">\n\t\t\t\t\t\t<section class=\"elementor-section elementor-top-section elementor-element elementor-element-4426c96 elementor-section-height-min-height elementor-section-boxed elementor-section-height-default elementor-section-items-middle\" data-id=\"4426c96\" data-element_type=\"section\" data-settings=\"{&quot;background_background&quot;:&quot;classic&quot;}\">\n\t\t\t\t\t\t\t<div class=\"elementor-background-overlay\"><\/div>\n\t\t\t\t\t\t\t<div class=\"elementor-container elementor-column-gap-default\">\n\t\t\t\t\t<div class=\"elementor-column elementor-col-100 elementor-top-column elementor-element elementor-element-e247c7e\" data-id=\"e247c7e\" data-element_type=\"column\" data-settings=\"{&quot;background_background&quot;:&quot;classic&quot;}\">\n\t\t\t<div class=\"elementor-widget-wrap elementor-element-populated\">\n\t\t\t\t\t<div class=\"elementor-background-overlay\"><\/div>\n\t\t\t\t\t\t<div class=\"elementor-element elementor-element-67061f8 elementor-widget elementor-widget-gva-heading-block\" data-id=\"67061f8\" data-element_type=\"widget\" data-widget_type=\"gva-heading-block.default\">\n\t\t\t\t<div class=\"elementor-widget-container\">\n\t\t\t<div class=\"gva-element-gva-heading-block gva-element\">   <div class=\"align-left style-1 widget gsc-heading box-align-left auto-responsive\">\r\n      <div class=\"content-inner\">\r\n         \r\n                  \r\n            \r\n         \r\n                     <h2 class=\"title\">\r\n               <span>Packaging & Logistics<\/span>\r\n            <\/h2>\r\n                  \r\n         \r\n         \r\n      <\/div>\r\n   <\/div>\r\n<\/div>\t\t<\/div>\n\t\t\t\t<\/div>\n\t\t\t\t\t<\/div>\n\t\t<\/div>\n\t\t\t\t\t<\/div>\n\t\t<\/section>\n\t\t\t\t<section class=\"elementor-section elementor-top-section elementor-element elementor-element-a4df2a1 elementor-section-boxed elementor-section-height-default elementor-section-height-default\" data-id=\"a4df2a1\" data-element_type=\"section\" data-settings=\"{&quot;background_background&quot;:&quot;classic&quot;}\">\n\t\t\t\t\t\t<div class=\"elementor-container elementor-column-gap-default\">\n\t\t\t\t\t<div class=\"elementor-column elementor-col-50 elementor-top-column elementor-element elementor-element-96b3848\" data-id=\"96b3848\" data-element_type=\"column\">\n\t\t\t<div class=\"elementor-widget-wrap elementor-element-populated\">\n\t\t\t\t\t\t<div class=\"elementor-element elementor-element-2ef69c3 elementor-widget elementor-widget-gva-image-content\" data-id=\"2ef69c3\" data-element_type=\"widget\" data-widget_type=\"gva-image-content.default\">\n\t\t\t\t<div class=\"elementor-widget-container\">\n\t\t\t<div class=\"gva-element-gva-image-content gva-element\">\t\t\r\n\t  \r\n\t \r\n\r\n\t\t\t<div class=\"about-two__single\">\r\n\t\t  \t<div class=\"about-two__image\"><div class=\"content-inner\">\t\t  <a href=\"https:\/\/gaviaspreview.com\/wp\/constix\/about\/\" target=\"_blank\" rel=\"noopener\">\r\n\t\t\t <img decoding=\"async\" src=\"https:\/\/alunet.com.tr\/wp-content\/uploads\/2024\/10\/packaging-logistic-01.jpg\" alt=\"20\" \/>\t\t  <\/a>\r\n\t\t  <\/div><\/div><div class=\"about-two__box-content\"><div class=\"about-two__box-content-inner\"><div class=\"about-two__desc\">Jahre\nErfahrung<\/div><div class=\"about-two__title\">20<\/div><\/div><\/div>\t\t<\/div>\r\n\t \r\n\r\n\t\r\n\t \r\n  \r\n \r\n\r\n  \r\n \r\n\r\n <\/div>\t\t<\/div>\n\t\t\t\t<\/div>\n\t\t\t\t\t<\/div>\n\t\t<\/div>\n\t\t\t\t<div class=\"elementor-column elementor-col-50 elementor-top-column elementor-element elementor-element-eeea4aa\" data-id=\"eeea4aa\" data-element_type=\"column\">\n\t\t\t<div class=\"elementor-widget-wrap elementor-element-populated\">\n\t\t\t\t\t\t<div class=\"elementor-element elementor-element-cb8c721 elementor-widget elementor-widget-gva-heading-block\" data-id=\"cb8c721\" data-element_type=\"widget\" data-settings=\"{&quot;_animation&quot;:&quot;none&quot;}\" data-widget_type=\"gva-heading-block.default\">\n\t\t\t\t<div class=\"elementor-widget-container\">\n\t\t\t<div class=\"gva-element-gva-heading-block gva-element\">   <div class=\"align-left style-1 widget gsc-heading box-align-left auto-responsive\">\r\n      <div class=\"content-inner\">\r\n         \r\n                  \r\n         <div class=\"sub-title\"><span class=\"heading-icon\"><\/span><span class=\"tagline\">Alunet<\/span><\/div>   \r\n         \r\n                     <h2 class=\"title\">\r\n               <span>Die perfekte Verpackung f\u00fcr das perfekte Produkt \u2013 Standard- und\nIndividualverpackungen<\/span>\r\n            <\/h2>\r\n                  \r\n                     <div class=\"title-desc\">Wir bieten Ihnen die vielf\u00e4ltigsten Verpackungsm\u00f6glichkeiten f\u00fcr Ihre\nAluminiumprodukte. Dabei haben Sie die Wahl zwischen Standardverpackungen und\nindividuellen Verpackungen. Beide Optionen sch\u00fctzen das fertige Bauteil optimal.\nStandardverpackungen bieten den Vorteil, dass das Produkt so effizient und\nwirtschaftlich wie m\u00f6glich transportiert wird. Die Ladefl\u00e4chen der Anh\u00e4nger k\u00f6nnen\nhierf\u00fcr ideal genutzt werden.\n<\/div>\r\n         \r\n         \r\n      <\/div>\r\n   <\/div>\r\n<\/div>\t\t<\/div>\n\t\t\t\t<\/div>\n\t\t\t\t\t<\/div>\n\t\t<\/div>\n\t\t\t\t\t<\/div>\n\t\t<\/section>\n\t\t\t\t<section class=\"elementor-section elementor-top-section elementor-element elementor-element-d61074e elementor-section-boxed elementor-section-height-default elementor-section-height-default\" data-id=\"d61074e\" data-element_type=\"section\" data-settings=\"{&quot;background_background&quot;:&quot;classic&quot;}\">\n\t\t\t\t\t\t<div class=\"elementor-container elementor-column-gap-default\">\n\t\t\t\t\t<div class=\"elementor-column elementor-col-50 elementor-top-column elementor-element elementor-element-7dbdaa6\" data-id=\"7dbdaa6\" data-element_type=\"column\">\n\t\t\t<div class=\"elementor-widget-wrap elementor-element-populated\">\n\t\t\t\t\t\t<div class=\"elementor-element elementor-element-958ef27 elementor-widget elementor-widget-gva-heading-block\" data-id=\"958ef27\" data-element_type=\"widget\" data-settings=\"{&quot;_animation&quot;:&quot;none&quot;}\" data-widget_type=\"gva-heading-block.default\">\n\t\t\t\t<div class=\"elementor-widget-container\">\n\t\t\t<div class=\"gva-element-gva-heading-block gva-element\">   <div class=\"align-left style-1 widget gsc-heading box-align-left auto-responsive\">\r\n      <div class=\"content-inner\">\r\n         \r\n                  \r\n         <div class=\"sub-title\"><span class=\"heading-icon\"><\/span><span class=\"tagline\">Alunet<\/span><\/div>   \r\n         \r\n                     <h2 class=\"title\">\r\n               <span>Kundenspezifische L\u00f6sungen<\/span>\r\n            <\/h2>\r\n                  \r\n                     <div class=\"title-desc\">Neben Standardoptionen bieten wir auch kundenspezifische Verpackungs- und\nLogistikdienstleistungen an. Ob Verpackungen mit Ihrem Branding, spezielle\nB\u00fcndelungen von Einheiten oder Just-in-Time-Lieferungen \u2013 wir gehen auf Ihre\nW\u00fcnsche ein.\nGerne unterst\u00fctzen wir Sie mit unserem Fachwissen, denn jedes Aluminiumprodukt\nben\u00f6tigt die passende Verpackung. Lassen Sie sich von uns beraten.\n\n<\/div>\r\n         \r\n         \r\n      <\/div>\r\n   <\/div>\r\n<\/div>\t\t<\/div>\n\t\t\t\t<\/div>\n\t\t\t\t\t<\/div>\n\t\t<\/div>\n\t\t\t\t<div class=\"elementor-column elementor-col-50 elementor-top-column elementor-element elementor-element-eb979e0\" data-id=\"eb979e0\" data-element_type=\"column\">\n\t\t\t<div class=\"elementor-widget-wrap elementor-element-populated\">\n\t\t\t\t\t\t<div class=\"elementor-element elementor-element-1fff38c elementor-widget elementor-widget-gva-image-content\" data-id=\"1fff38c\" data-element_type=\"widget\" data-widget_type=\"gva-image-content.default\">\n\t\t\t\t<div class=\"elementor-widget-container\">\n\t\t\t<div class=\"gva-element-gva-image-content gva-element\">\t\t\r\n\t  \r\n\t \r\n\r\n\t\t\t<div class=\"about-two__single\">\r\n\t\t  \t<div class=\"about-two__image\"><div class=\"content-inner\">\t\t  <a href=\"https:\/\/gaviaspreview.com\/wp\/constix\/about\/\" target=\"_blank\" rel=\"noopener\">\r\n\t\t\t <img decoding=\"async\" src=\"https:\/\/alunet.com.tr\/wp-content\/uploads\/2024\/10\/alunet-packing-02.jpg\" alt=\"20\" \/>\t\t  <\/a>\r\n\t\t  <\/div><\/div><div class=\"about-two__box-content\"><div class=\"about-two__box-content-inner\"><div class=\"about-two__desc\">Jahre\nErfahrung<\/div><div class=\"about-two__title\">20<\/div><\/div><\/div>\t\t<\/div>\r\n\t \r\n\r\n\t\r\n\t \r\n  \r\n \r\n\r\n  \r\n \r\n\r\n <\/div>\t\t<\/div>\n\t\t\t\t<\/div>\n\t\t\t\t\t<\/div>\n\t\t<\/div>\n\t\t\t\t\t<\/div>\n\t\t<\/section>\n\t\t\t\t<section class=\"elementor-section elementor-top-section elementor-element elementor-element-e1b1434 elementor-section-boxed elementor-section-height-default elementor-section-height-default\" data-id=\"e1b1434\" data-element_type=\"section\" data-settings=\"{&quot;background_background&quot;:&quot;classic&quot;}\">\n\t\t\t\t\t\t<div class=\"elementor-container elementor-column-gap-default\">\n\t\t\t\t\t<div class=\"elementor-column elementor-col-50 elementor-top-column elementor-element elementor-element-3ef5e4a\" data-id=\"3ef5e4a\" data-element_type=\"column\">\n\t\t\t<div class=\"elementor-widget-wrap elementor-element-populated\">\n\t\t\t\t\t\t<div class=\"elementor-element elementor-element-c39e0c3 elementor-widget elementor-widget-gva-image-content\" data-id=\"c39e0c3\" data-element_type=\"widget\" data-widget_type=\"gva-image-content.default\">\n\t\t\t\t<div class=\"elementor-widget-container\">\n\t\t\t<div class=\"gva-element-gva-image-content gva-element\">\t\t\r\n\t  \r\n\t \r\n\r\n\t\t\t<div class=\"about-two__single\">\r\n\t\t  \t<div class=\"about-two__image\"><div class=\"content-inner\">\t\t  <a href=\"https:\/\/gaviaspreview.com\/wp\/constix\/about\/\" target=\"_blank\" rel=\"noopener\">\r\n\t\t\t <img decoding=\"async\" src=\"https:\/\/www.alunet.com.tr\/wp-content\/uploads\/2024\/10\/keys-to-a-succesful-alunet.png\" alt=\"20\" \/>\t\t  <\/a>\r\n\t\t  <\/div><\/div><div class=\"about-two__box-content\"><div class=\"about-two__box-content-inner\"><div class=\"about-two__desc\">Jahre\nErfahrung<\/div><div class=\"about-two__title\">20<\/div><\/div><\/div>\t\t<\/div>\r\n\t \r\n\r\n\t\r\n\t \r\n  \r\n \r\n\r\n  \r\n \r\n\r\n <\/div>\t\t<\/div>\n\t\t\t\t<\/div>\n\t\t\t\t\t<\/div>\n\t\t<\/div>\n\t\t\t\t<div class=\"elementor-column elementor-col-50 elementor-top-column elementor-element elementor-element-efc0522\" data-id=\"efc0522\" data-element_type=\"column\">\n\t\t\t<div class=\"elementor-widget-wrap elementor-element-populated\">\n\t\t\t\t\t\t<div class=\"elementor-element elementor-element-2a76000 elementor-widget elementor-widget-gva-heading-block\" data-id=\"2a76000\" data-element_type=\"widget\" data-settings=\"{&quot;_animation&quot;:&quot;none&quot;}\" data-widget_type=\"gva-heading-block.default\">\n\t\t\t\t<div class=\"elementor-widget-container\">\n\t\t\t<div class=\"gva-element-gva-heading-block gva-element\">   <div class=\"align-left style-1 widget gsc-heading box-align-left auto-responsive\">\r\n      <div class=\"content-inner\">\r\n         \r\n                  \r\n         <div class=\"sub-title\"><span class=\"heading-icon\"><\/span><span class=\"tagline\">Alunet<\/span><\/div>   \r\n         \r\n                     <h2 class=\"title\">\r\n               <span>Schl\u00fcssel zum erfolgreichen internationalen Transport<\/span>\r\n            <\/h2>\r\n                  \r\n                     <div class=\"title-desc\">Vertrauensvolle Beziehung zwischen Alunet und den beauftragten Spediteuren.\nRechtzeitige Erf\u00fcllung von Verpflichtungen und Verantwortlichkeiten.\nZusammenarbeit und st\u00e4ndige Kommunikation. Sorgf\u00e4ltige Verpackung und\nBeladung unter Ber\u00fccksichtigung saisonaler Ver\u00e4nderungen und\nStra\u00dfenverh\u00e4ltnisse. Auswahl der richtigen Zollagentur in Zusammenarbeit mit\nunseren Kunden. \n<\/div>\r\n         \r\n         \r\n      <\/div>\r\n   <\/div>\r\n<\/div>\t\t<\/div>\n\t\t\t\t<\/div>\n\t\t\t\t\t<\/div>\n\t\t<\/div>\n\t\t\t\t\t<\/div>\n\t\t<\/section>\n\t\t\t\t<\/div>","protected":false},"excerpt":{"rendered":"<p>Packaging &#038; Logistics Jahre Erfahrung20 Alunet The perfect packaging for the perfect product, standard and individual packaging We offer the most varied of packaging options for your aluminium products. Here, you have the choice between standard packaging and individual packaging. Both options protect the finished component in the ideal manner. Standard packaging offers the advantage [&hellip;]<\/p>\n","protected":false},"author":1,"featured_media":0,"parent":0,"menu_order":0,"comment_status":"closed","ping_status":"closed","template":"","meta":{"inline_featured_image":false,"footnotes":""},"class_list":["post-1091","page","type-page","status-publish","hentry"],"_links":{"self":[{"href":"https:\/\/www.alunet.com.tr\/de\/wp-json\/wp\/v2\/pages\/1091","targetHints":{"allow":["GET"]}}],"collection":[{"href":"https:\/\/www.alunet.com.tr\/de\/wp-json\/wp\/v2\/pages"}],"about":[{"href":"https:\/\/www.alunet.com.tr\/de\/wp-json\/wp\/v2\/types\/page"}],"author":[{"embeddable":true,"href":"https:\/\/www.alunet.com.tr\/de\/wp-json\/wp\/v2\/users\/1"}],"replies":[{"embeddable":true,"href":"https:\/\/www.alunet.com.tr\/de\/wp-json\/wp\/v2\/comments?post=1091"}],"version-history":[{"count":68,"href":"https:\/\/www.alunet.com.tr\/de\/wp-json\/wp\/v2\/pages\/1091\/revisions"}],"predecessor-version":[{"id":4028,"href":"https:\/\/www.alunet.com.tr\/de\/wp-json\/wp\/v2\/pages\/1091\/revisions\/4028"}],"wp:attachment":[{"href":"https:\/\/www.alunet.com.tr\/de\/wp-json\/wp\/v2\/media?parent=1091"}],"curies":[{"name":"wp","href":"https:\/\/api.w.org\/{rel}","templated":true}]}}