{"id":1081,"date":"2024-09-05T09:01:02","date_gmt":"2024-09-05T09:01:02","guid":{"rendered":"https:\/\/alunet.com.tr\/?page_id=1081"},"modified":"2024-10-15T14:32:02","modified_gmt":"2024-10-15T14:32:02","slug":"surface-finishing","status":"publish","type":"page","link":"https:\/\/www.alunet.com.tr\/de\/surface-finishing\/","title":{"rendered":"Surface Finishing"},"content":{"rendered":"<div data-elementor-type=\"wp-page\" data-elementor-id=\"1081\" class=\"elementor elementor-1081\">\n\t\t\t\t\t\t<section class=\"elementor-section elementor-top-section elementor-element elementor-element-f4c9a61 elementor-section-height-min-height elementor-section-boxed elementor-section-height-default elementor-section-items-middle\" data-id=\"f4c9a61\" data-element_type=\"section\" data-settings=\"{&quot;background_background&quot;:&quot;classic&quot;}\">\n\t\t\t\t\t\t\t<div class=\"elementor-background-overlay\"><\/div>\n\t\t\t\t\t\t\t<div class=\"elementor-container elementor-column-gap-default\">\n\t\t\t\t\t<div class=\"elementor-column elementor-col-100 elementor-top-column elementor-element elementor-element-45a1b32\" data-id=\"45a1b32\" data-element_type=\"column\" data-settings=\"{&quot;background_background&quot;:&quot;classic&quot;}\">\n\t\t\t<div class=\"elementor-widget-wrap elementor-element-populated\">\n\t\t\t\t\t<div class=\"elementor-background-overlay\"><\/div>\n\t\t\t\t\t\t<div class=\"elementor-element elementor-element-c6700ae elementor-widget elementor-widget-gva-heading-block\" data-id=\"c6700ae\" data-element_type=\"widget\" data-widget_type=\"gva-heading-block.default\">\n\t\t\t\t<div class=\"elementor-widget-container\">\n\t\t\t<div class=\"gva-element-gva-heading-block gva-element\">   <div class=\"align-left style-1 widget gsc-heading box-align-left auto-responsive\">\r\n      <div class=\"content-inner\">\r\n         \r\n                  \r\n            \r\n         \r\n                     <h2 class=\"title\">\r\n               <span>Surface Finishing<\/span>\r\n            <\/h2>\r\n                  \r\n         \r\n         \r\n      <\/div>\r\n   <\/div>\r\n<\/div>\t\t<\/div>\n\t\t\t\t<\/div>\n\t\t\t\t\t<\/div>\n\t\t<\/div>\n\t\t\t\t\t<\/div>\n\t\t<\/section>\n\t\t\t\t<section class=\"elementor-section elementor-top-section elementor-element elementor-element-b257b9b elementor-section-boxed elementor-section-height-default elementor-section-height-default\" data-id=\"b257b9b\" data-element_type=\"section\" data-settings=\"{&quot;background_background&quot;:&quot;classic&quot;}\">\n\t\t\t\t\t\t<div class=\"elementor-container elementor-column-gap-default\">\n\t\t\t\t\t<div class=\"elementor-column elementor-col-50 elementor-top-column elementor-element elementor-element-62f101b\" data-id=\"62f101b\" data-element_type=\"column\">\n\t\t\t<div class=\"elementor-widget-wrap elementor-element-populated\">\n\t\t\t\t\t\t<div class=\"elementor-element elementor-element-2a3103f elementor-widget elementor-widget-gva-heading-block\" data-id=\"2a3103f\" data-element_type=\"widget\" data-settings=\"{&quot;_animation&quot;:&quot;none&quot;}\" data-widget_type=\"gva-heading-block.default\">\n\t\t\t\t<div class=\"elementor-widget-container\">\n\t\t\t<div class=\"gva-element-gva-heading-block gva-element\">   <div class=\"align-left style-1 widget gsc-heading box-align-left auto-responsive\">\r\n      <div class=\"content-inner\">\r\n         \r\n                  \r\n         <div class=\"sub-title\"><span class=\"heading-icon\"><\/span><span class=\"tagline\">Alunet<\/span><\/div>   \r\n         \r\n                     <h2 class=\"title\">\r\n               <span>H\u00f6chste Qualit\u00e4t und absolute Einhaltung der Liefertermine<\/span>\r\n            <\/h2>\r\n                  \r\n                     <div class=\"title-desc\">Alunet steht Ihnen als zuverl\u00e4ssiger Partner f\u00fcr das Eloxieren und Pulverbeschichten\nvon Aluminium zur Seite. Wir verbinden moderne Verfahren und Technologien mit\neinem gut eingespielten Expertenteam. Dies garantiert einen reibungslosen Ablauf \u2013\negal ob es sich um das kleinste Profil oder ein gro\u00dfes Werkst\u00fcck handelt.\n<\/div>\r\n         \r\n         \r\n      <\/div>\r\n   <\/div>\r\n<\/div>\t\t<\/div>\n\t\t\t\t<\/div>\n\t\t\t\t\t<\/div>\n\t\t<\/div>\n\t\t\t\t<div class=\"elementor-column elementor-col-50 elementor-top-column elementor-element elementor-element-277ff0d\" data-id=\"277ff0d\" data-element_type=\"column\">\n\t\t\t<div class=\"elementor-widget-wrap elementor-element-populated\">\n\t\t\t\t\t\t<div class=\"elementor-element elementor-element-f87fafe elementor-widget elementor-widget-gva-image-content\" data-id=\"f87fafe\" data-element_type=\"widget\" data-widget_type=\"gva-image-content.default\">\n\t\t\t\t<div class=\"elementor-widget-container\">\n\t\t\t<div class=\"gva-element-gva-image-content gva-element\">\t\t\r\n\t  \r\n\t \r\n\r\n\t\t\t<div class=\"about-two__single\">\r\n\t\t  \t<div class=\"about-two__image\"><div class=\"content-inner\">\t\t  <a href=\"https:\/\/gaviaspreview.com\/wp\/constix\/about\/\" target=\"_blank\" rel=\"noopener\">\r\n\t\t\t <img decoding=\"async\" src=\"https:\/\/alunet.com.tr\/wp-content\/uploads\/2024\/10\/gorseller-surface-alunet-01.jpg\" alt=\"20\" \/>\t\t  <\/a>\r\n\t\t  <\/div><\/div><div class=\"about-two__box-content\"><div class=\"about-two__box-content-inner\"><div class=\"about-two__desc\">Jahre\nErfahrung<\/div><div class=\"about-two__title\">20<\/div><\/div><\/div>\t\t<\/div>\r\n\t \r\n\r\n\t\r\n\t \r\n  \r\n \r\n\r\n  \r\n \r\n\r\n <\/div>\t\t<\/div>\n\t\t\t\t<\/div>\n\t\t\t\t\t<\/div>\n\t\t<\/div>\n\t\t\t\t\t<\/div>\n\t\t<\/section>\n\t\t\t\t<section class=\"elementor-section elementor-top-section elementor-element elementor-element-a4df2a1 elementor-section-boxed elementor-section-height-default elementor-section-height-default\" data-id=\"a4df2a1\" data-element_type=\"section\" data-settings=\"{&quot;background_background&quot;:&quot;classic&quot;}\">\n\t\t\t\t\t\t<div class=\"elementor-container elementor-column-gap-default\">\n\t\t\t\t\t<div class=\"elementor-column elementor-col-50 elementor-top-column elementor-element elementor-element-96b3848\" data-id=\"96b3848\" data-element_type=\"column\">\n\t\t\t<div class=\"elementor-widget-wrap elementor-element-populated\">\n\t\t\t\t\t\t<div class=\"elementor-element elementor-element-2ef69c3 elementor-widget elementor-widget-gva-image-content\" data-id=\"2ef69c3\" data-element_type=\"widget\" data-widget_type=\"gva-image-content.default\">\n\t\t\t\t<div class=\"elementor-widget-container\">\n\t\t\t<div class=\"gva-element-gva-image-content gva-element\">\t\t\r\n\t  \r\n\t \r\n\r\n\t\t\t<div class=\"about-two__single\">\r\n\t\t  \t<div class=\"about-two__image\"><div class=\"content-inner\">\t\t  <a href=\"https:\/\/gaviaspreview.com\/wp\/constix\/about\/\" target=\"_blank\" rel=\"noopener\">\r\n\t\t\t <img decoding=\"async\" src=\"https:\/\/alunet.com.tr\/wp-content\/uploads\/2024\/10\/alunet-surface-02.jpg\" alt=\"20\" \/>\t\t  <\/a>\r\n\t\t  <\/div><\/div><div class=\"about-two__box-content\"><div class=\"about-two__box-content-inner\"><div class=\"about-two__desc\">Jahre\nErfahrung<\/div><div class=\"about-two__title\">20<\/div><\/div><\/div>\t\t<\/div>\r\n\t \r\n\r\n\t\r\n\t \r\n  \r\n \r\n\r\n  \r\n \r\n\r\n <\/div>\t\t<\/div>\n\t\t\t\t<\/div>\n\t\t\t\t\t<\/div>\n\t\t<\/div>\n\t\t\t\t<div class=\"elementor-column elementor-col-50 elementor-top-column elementor-element elementor-element-eeea4aa\" data-id=\"eeea4aa\" data-element_type=\"column\">\n\t\t\t<div class=\"elementor-widget-wrap elementor-element-populated\">\n\t\t\t\t\t\t<div class=\"elementor-element elementor-element-cb8c721 elementor-widget elementor-widget-gva-heading-block\" data-id=\"cb8c721\" data-element_type=\"widget\" data-settings=\"{&quot;_animation&quot;:&quot;none&quot;}\" data-widget_type=\"gva-heading-block.default\">\n\t\t\t\t<div class=\"elementor-widget-container\">\n\t\t\t<div class=\"gva-element-gva-heading-block gva-element\">   <div class=\"align-left style-1 widget gsc-heading box-align-left auto-responsive\">\r\n      <div class=\"content-inner\">\r\n         \r\n                  \r\n         <div class=\"sub-title\"><span class=\"heading-icon\"><\/span><span class=\"tagline\">Alunet<\/span><\/div>   \r\n         \r\n                     <h2 class=\"title\">\r\n               <span>Pulverbeschichtung\n<\/span>\r\n            <\/h2>\r\n                  \r\n                     <div class=\"title-desc\">In unserer hochmodernen Anlage mit einer Kapazit\u00e4t von 9.000 Tonnen werden\nProfile bis zu einer L\u00e4nge von 8 Metern lackiert. Die Anlage wird mit einem\nvollautomatischen Softwaresystem gesteuert. In unserer Lackiererei, die nach internationalen Standards eingerichtet wurde, werden spezielle Glanzgrade und hohe\noptische Qualit\u00e4tskriterien gew\u00e4hrleistet.\n<\/div>\r\n         \r\n         \r\n      <\/div>\r\n   <\/div>\r\n<\/div>\t\t<\/div>\n\t\t\t\t<\/div>\n\t\t\t\t\t<\/div>\n\t\t<\/div>\n\t\t\t\t\t<\/div>\n\t\t<\/section>\n\t\t\t\t<section class=\"elementor-section elementor-top-section elementor-element elementor-element-d61074e elementor-section-boxed elementor-section-height-default elementor-section-height-default\" data-id=\"d61074e\" data-element_type=\"section\" data-settings=\"{&quot;background_background&quot;:&quot;classic&quot;}\">\n\t\t\t\t\t\t<div class=\"elementor-container elementor-column-gap-default\">\n\t\t\t\t\t<div class=\"elementor-column elementor-col-50 elementor-top-column elementor-element elementor-element-7dbdaa6\" data-id=\"7dbdaa6\" data-element_type=\"column\">\n\t\t\t<div class=\"elementor-widget-wrap elementor-element-populated\">\n\t\t\t\t\t\t<div class=\"elementor-element elementor-element-958ef27 elementor-widget elementor-widget-gva-heading-block\" data-id=\"958ef27\" data-element_type=\"widget\" data-settings=\"{&quot;_animation&quot;:&quot;none&quot;}\" data-widget_type=\"gva-heading-block.default\">\n\t\t\t\t<div class=\"elementor-widget-container\">\n\t\t\t<div class=\"gva-element-gva-heading-block gva-element\">   <div class=\"align-left style-1 widget gsc-heading box-align-left auto-responsive\">\r\n      <div class=\"content-inner\">\r\n         \r\n                  \r\n         <div class=\"sub-title\"><span class=\"heading-icon\"><\/span><span class=\"tagline\">Alunet<\/span><\/div>   \r\n         \r\n                     <h2 class=\"title\">\r\n               <span>Eloxieren<\/span>\r\n            <\/h2>\r\n                  \r\n                     <div class=\"title-desc\">Ein au\u00dfergew\u00f6hnlicher Eloxierprozess ist das Ergebnis strenger\nQualit\u00e4tsmanagementverfahren. In unserer Eloxieranlage mit einer Kapazit\u00e4t von\n19.000 Tonnen werden Profile bis zu einer L\u00e4nge von 7,5 Metern verarbeitet. Wir\nsichern die Nachhaltigkeit unserer Qualit\u00e4t durch ein vollautomatisiertes\nInfrastruktursystem.\nAls eines der fortschrittlichsten Systeme seiner Art ist die Eloxieranlage mit einer\nintelligenten Abfallr\u00fcckgewinnung, Recycling- und Umweltschutztechnik ausgestattet,\num sicherzustellen, dass jeder Aspekt des Eloxierprozesses allen wichtigen\nUmweltstandards entspricht.\nFarboptionen (Schwarz, Silber \u2026)\nPolieren (E3)\nB\u00fcrsten (E2)\nSeparate Anlage f\u00fcr Zubeh\u00f6r sind weitere Vorteile.\n\n<\/div>\r\n         \r\n         \r\n      <\/div>\r\n   <\/div>\r\n<\/div>\t\t<\/div>\n\t\t\t\t<\/div>\n\t\t\t\t\t<\/div>\n\t\t<\/div>\n\t\t\t\t<div class=\"elementor-column elementor-col-50 elementor-top-column elementor-element elementor-element-eb979e0\" data-id=\"eb979e0\" data-element_type=\"column\">\n\t\t\t<div class=\"elementor-widget-wrap elementor-element-populated\">\n\t\t\t\t\t\t<div class=\"elementor-element elementor-element-1fff38c elementor-widget elementor-widget-gva-image-content\" data-id=\"1fff38c\" data-element_type=\"widget\" data-widget_type=\"gva-image-content.default\">\n\t\t\t\t<div class=\"elementor-widget-container\">\n\t\t\t<div class=\"gva-element-gva-image-content gva-element\">\t\t\r\n\t  \r\n\t \r\n\r\n\t\t\t<div class=\"about-two__single\">\r\n\t\t  \t<div class=\"about-two__image\"><div class=\"content-inner\">\t\t  <a href=\"https:\/\/gaviaspreview.com\/wp\/constix\/about\/\" target=\"_blank\" rel=\"noopener\">\r\n\t\t\t <img decoding=\"async\" src=\"https:\/\/alunet.com.tr\/wp-content\/uploads\/2024\/10\/s-alunet-elo-gorsel.jpg\" alt=\"20\" \/>\t\t  <\/a>\r\n\t\t  <\/div><\/div><div class=\"about-two__box-content\"><div class=\"about-two__box-content-inner\"><div class=\"about-two__desc\">Jahre\nErfahrung<\/div><div class=\"about-two__title\">20<\/div><\/div><\/div>\t\t<\/div>\r\n\t \r\n\r\n\t\r\n\t \r\n  \r\n \r\n\r\n  \r\n \r\n\r\n <\/div>\t\t<\/div>\n\t\t\t\t<\/div>\n\t\t\t\t\t<\/div>\n\t\t<\/div>\n\t\t\t\t\t<\/div>\n\t\t<\/section>\n\t\t\t\t<section class=\"elementor-section elementor-top-section elementor-element elementor-element-2afc21a elementor-section-boxed elementor-section-height-default elementor-section-height-default\" data-id=\"2afc21a\" data-element_type=\"section\" data-settings=\"{&quot;background_background&quot;:&quot;classic&quot;}\">\n\t\t\t\t\t\t<div class=\"elementor-container elementor-column-gap-default\">\n\t\t\t\t\t<div class=\"elementor-column elementor-col-50 elementor-top-column elementor-element elementor-element-4830482\" data-id=\"4830482\" data-element_type=\"column\">\n\t\t\t<div class=\"elementor-widget-wrap elementor-element-populated\">\n\t\t\t\t\t\t<div class=\"elementor-element elementor-element-63d1620 elementor-widget elementor-widget-gva-image-content\" data-id=\"63d1620\" data-element_type=\"widget\" data-widget_type=\"gva-image-content.default\">\n\t\t\t\t<div class=\"elementor-widget-container\">\n\t\t\t<div class=\"gva-element-gva-image-content gva-element\">\t\t\r\n\t  \r\n\t \r\n\r\n\t\t\t<div class=\"about-two__single\">\r\n\t\t  \t<div class=\"about-two__image\"><div class=\"content-inner\">\t\t  <a href=\"https:\/\/gaviaspreview.com\/wp\/constix\/about\/\" target=\"_blank\" rel=\"noopener\">\r\n\t\t\t <img decoding=\"async\" src=\"https:\/\/www.alunet.com.tr\/wp-content\/uploads\/2024\/10\/vib-surface.jpg\" alt=\"20\" \/>\t\t  <\/a>\r\n\t\t  <\/div><\/div><div class=\"about-two__box-content\"><div class=\"about-two__box-content-inner\"><div class=\"about-two__desc\">Jahre\nErfahrung<\/div><div class=\"about-two__title\">20<\/div><\/div><\/div>\t\t<\/div>\r\n\t \r\n\r\n\t\r\n\t \r\n  \r\n \r\n\r\n  \r\n \r\n\r\n <\/div>\t\t<\/div>\n\t\t\t\t<\/div>\n\t\t\t\t\t<\/div>\n\t\t<\/div>\n\t\t\t\t<div class=\"elementor-column elementor-col-50 elementor-top-column elementor-element elementor-element-c3092fd\" data-id=\"c3092fd\" data-element_type=\"column\">\n\t\t\t<div class=\"elementor-widget-wrap elementor-element-populated\">\n\t\t\t\t\t\t<div class=\"elementor-element elementor-element-0c8db15 elementor-widget elementor-widget-gva-heading-block\" data-id=\"0c8db15\" data-element_type=\"widget\" data-settings=\"{&quot;_animation&quot;:&quot;none&quot;}\" data-widget_type=\"gva-heading-block.default\">\n\t\t\t\t<div class=\"elementor-widget-container\">\n\t\t\t<div class=\"gva-element-gva-heading-block gva-element\">   <div class=\"align-left style-1 widget gsc-heading box-align-left auto-responsive\">\r\n      <div class=\"content-inner\">\r\n         \r\n                  \r\n         <div class=\"sub-title\"><span class=\"heading-icon\"><\/span><span class=\"tagline\">Alunet<\/span><\/div>   \r\n         \r\n                     <h2 class=\"title\">\r\n               <span>Vibrations-Oberfl\u00e4chenbearbeitung <\/span>\r\n            <\/h2>\r\n                  \r\n                     <div class=\"title-desc\">Vibrations-Oberfl\u00e4chenbearbeitungsmaschinen werden zum Entgraten, Verrunden,\n\nPolieren, Nachbearbeiten, Abschneiden von Ecken, Entfetten, Reinigen, Gl\u00e4tten der\nOberfl\u00e4che, Passivieren und \u00e4hnlichen Metallbearbeitungen eingesetzt.\nKleine oder gro\u00dfe, leichte oder schwere Teile k\u00f6nnen erfolgreich mit unseren\nVibrations-Oberfl\u00e4chenbearbeitungsmaschinen bearbeitet werden. Wertsch\u00f6pfende\nL\u00f6sungen werden aus tausenden verf\u00fcgbaren Optionen ausgew\u00e4hlt und angeboten,\num die spezifischen Anforderungen unserer Kunden an die Oberfl\u00e4chenbehandlung\nzu erf\u00fcllen.<\/div>\r\n         \r\n         \r\n      <\/div>\r\n   <\/div>\r\n<\/div>\t\t<\/div>\n\t\t\t\t<\/div>\n\t\t\t\t\t<\/div>\n\t\t<\/div>\n\t\t\t\t\t<\/div>\n\t\t<\/section>\n\t\t\t\t<\/div>","protected":false},"excerpt":{"rendered":"<p>Surface Finishing Alunet Highest quality and absolute adherence to delivery dates Alunet is at your side as a reliable partner for anodizing and powder coating of aluminum. We combine modern processes and technology with a well-coordinated team of experts. This guarantees a smooth process, whether it\u2019s the smallest profile or a large workpiece. Jahre Erfahrung20 [&hellip;]<\/p>\n","protected":false},"author":1,"featured_media":0,"parent":0,"menu_order":0,"comment_status":"closed","ping_status":"closed","template":"","meta":{"inline_featured_image":false,"footnotes":""},"class_list":["post-1081","page","type-page","status-publish","hentry"],"_links":{"self":[{"href":"https:\/\/www.alunet.com.tr\/de\/wp-json\/wp\/v2\/pages\/1081","targetHints":{"allow":["GET"]}}],"collection":[{"href":"https:\/\/www.alunet.com.tr\/de\/wp-json\/wp\/v2\/pages"}],"about":[{"href":"https:\/\/www.alunet.com.tr\/de\/wp-json\/wp\/v2\/types\/page"}],"author":[{"embeddable":true,"href":"https:\/\/www.alunet.com.tr\/de\/wp-json\/wp\/v2\/users\/1"}],"replies":[{"embeddable":true,"href":"https:\/\/www.alunet.com.tr\/de\/wp-json\/wp\/v2\/comments?post=1081"}],"version-history":[{"count":81,"href":"https:\/\/www.alunet.com.tr\/de\/wp-json\/wp\/v2\/pages\/1081\/revisions"}],"predecessor-version":[{"id":4000,"href":"https:\/\/www.alunet.com.tr\/de\/wp-json\/wp\/v2\/pages\/1081\/revisions\/4000"}],"wp:attachment":[{"href":"https:\/\/www.alunet.com.tr\/de\/wp-json\/wp\/v2\/media?parent=1081"}],"curies":[{"name":"wp","href":"https:\/\/api.w.org\/{rel}","templated":true}]}}