{"id":1055,"date":"2024-09-05T08:32:41","date_gmt":"2024-09-05T08:32:41","guid":{"rendered":"https:\/\/alunet.com.tr\/?page_id=1055"},"modified":"2024-10-07T09:39:32","modified_gmt":"2024-10-07T09:39:32","slug":"development","status":"publish","type":"page","link":"https:\/\/www.alunet.com.tr\/de\/development\/","title":{"rendered":"Development"},"content":{"rendered":"<div data-elementor-type=\"wp-page\" data-elementor-id=\"1055\" class=\"elementor elementor-1055\">\n\t\t\t\t\t\t<section class=\"elementor-section elementor-top-section elementor-element elementor-element-f22d405 elementor-section-height-min-height elementor-section-boxed elementor-section-height-default elementor-section-items-middle\" data-id=\"f22d405\" data-element_type=\"section\" data-settings=\"{&quot;background_background&quot;:&quot;classic&quot;}\">\n\t\t\t\t\t\t\t<div class=\"elementor-background-overlay\"><\/div>\n\t\t\t\t\t\t\t<div class=\"elementor-container elementor-column-gap-default\">\n\t\t\t\t\t<div class=\"elementor-column elementor-col-100 elementor-top-column elementor-element elementor-element-58ec9a2\" data-id=\"58ec9a2\" data-element_type=\"column\" data-settings=\"{&quot;background_background&quot;:&quot;classic&quot;}\">\n\t\t\t<div class=\"elementor-widget-wrap elementor-element-populated\">\n\t\t\t\t\t<div class=\"elementor-background-overlay\"><\/div>\n\t\t\t\t\t\t<div class=\"elementor-element elementor-element-0a4add4 elementor-widget elementor-widget-gva-heading-block\" data-id=\"0a4add4\" data-element_type=\"widget\" data-widget_type=\"gva-heading-block.default\">\n\t\t\t\t<div class=\"elementor-widget-container\">\n\t\t\t<div class=\"gva-element-gva-heading-block gva-element\">   <div class=\"align-left style-1 widget gsc-heading box-align-left auto-responsive\">\r\n      <div class=\"content-inner\">\r\n         \r\n                  \r\n            \r\n         \r\n                     <h2 class=\"title\">\r\n               <span>Development<\/span>\r\n            <\/h2>\r\n                  \r\n         \r\n         \r\n      <\/div>\r\n   <\/div>\r\n<\/div>\t\t<\/div>\n\t\t\t\t<\/div>\n\t\t\t\t\t<\/div>\n\t\t<\/div>\n\t\t\t\t\t<\/div>\n\t\t<\/section>\n\t\t\t\t<section class=\"elementor-section elementor-top-section elementor-element elementor-element-8f06f1c elementor-section-boxed elementor-section-height-default elementor-section-height-default\" data-id=\"8f06f1c\" data-element_type=\"section\" data-settings=\"{&quot;background_background&quot;:&quot;classic&quot;}\">\n\t\t\t\t\t\t<div class=\"elementor-container elementor-column-gap-default\">\n\t\t\t\t\t<div class=\"elementor-column elementor-col-50 elementor-top-column elementor-element elementor-element-37a5abf\" data-id=\"37a5abf\" data-element_type=\"column\">\n\t\t\t<div class=\"elementor-widget-wrap elementor-element-populated\">\n\t\t\t\t\t\t<div class=\"elementor-element elementor-element-fc24728 elementor-widget elementor-widget-gva-heading-block\" data-id=\"fc24728\" data-element_type=\"widget\" data-settings=\"{&quot;_animation&quot;:&quot;none&quot;}\" data-widget_type=\"gva-heading-block.default\">\n\t\t\t\t<div class=\"elementor-widget-container\">\n\t\t\t<div class=\"gva-element-gva-heading-block gva-element\">   <div class=\"align-left style-1 widget gsc-heading box-align-left auto-responsive\">\r\n      <div class=\"content-inner\">\r\n         \r\n                  \r\n         <div class=\"sub-title\"><span class=\"heading-icon\"><\/span><span class=\"tagline\">Alunet<\/span><\/div>   \r\n         \r\n                     <h2 class=\"title\">\r\n               <span>Unsere Expertise f\u00fcr Ihr Projekt<\/span>\r\n            <\/h2>\r\n                  \r\n                     <div class=\"title-desc\">Wir verarbeiten dieses Rohmaterial seit \u00fcber 20 Jahren. Das gesammelte Wissen\nbringen wir in Kundenprojekte im Rahmen von Co-Engineering-Aktivit\u00e4ten ein. Ein\nProduktentwicklungsteam, das gruppen\u00fcbergreifend zusammenarbeitet, kann die\nideale technische und wirtschaftliche L\u00f6sung f\u00fcr Ihre Herausforderung finden.\n\n<\/div>\r\n         \r\n         \r\n      <\/div>\r\n   <\/div>\r\n<\/div>\t\t<\/div>\n\t\t\t\t<\/div>\n\t\t\t\t<div class=\"elementor-element elementor-element-fcfb952 elementor-widget elementor-widget-gva-heading-block\" data-id=\"fcfb952\" data-element_type=\"widget\" data-settings=\"{&quot;_animation&quot;:&quot;none&quot;}\" data-widget_type=\"gva-heading-block.default\">\n\t\t\t\t<div class=\"elementor-widget-container\">\n\t\t\t<div class=\"gva-element-gva-heading-block gva-element\">   <div class=\"align-left style-1 widget gsc-heading box-align-left auto-responsive\">\r\n      <div class=\"content-inner\">\r\n         \r\n                  \r\n         <div class=\"sub-title\"><span class=\"heading-icon\"><\/span><span class=\"tagline\">Alunet<\/span><\/div>   \r\n         \r\n                     <h2 class=\"title\">\r\n               <span>Beratung und Unterst\u00fctzung<\/span>\r\n            <\/h2>\r\n                  \r\n                     <div class=\"title-desc\">Wir beraten Sie bereits ab der Produktentwicklungsphase und arbeiten gemeinsam\nmit Ihnen an der bestm\u00f6glichen L\u00f6sung. Dabei unterst\u00fctzen wir Sie von der ersten\nIdee \u00fcber die Entwicklung optimaler L\u00f6sungen f\u00fcr komplexe Aufgaben bis hin zur\neffizienten Produktion.\n<\/div>\r\n         \r\n         \r\n      <\/div>\r\n   <\/div>\r\n<\/div>\t\t<\/div>\n\t\t\t\t<\/div>\n\t\t\t\t\t<\/div>\n\t\t<\/div>\n\t\t\t\t<div class=\"elementor-column elementor-col-50 elementor-top-column elementor-element elementor-element-161ac1b\" data-id=\"161ac1b\" data-element_type=\"column\">\n\t\t\t<div class=\"elementor-widget-wrap elementor-element-populated\">\n\t\t\t\t\t\t<div class=\"elementor-element elementor-element-14499df elementor-widget elementor-widget-gva-image-content\" data-id=\"14499df\" data-element_type=\"widget\" data-widget_type=\"gva-image-content.default\">\n\t\t\t\t<div class=\"elementor-widget-container\">\n\t\t\t<div class=\"gva-element-gva-image-content gva-element\">\t\t\r\n\t  \r\n\t \r\n\r\n\t\t\t<div class=\"about-two__single\">\r\n\t\t  \t<div class=\"about-two__image\"><div class=\"content-inner\"><img decoding=\"async\" src=\"https:\/\/alunet.com.tr\/wp-content\/uploads\/2024\/10\/development-alunet.jpg\" alt=\"20\" \/><\/div><\/div><div class=\"about-two__box-content\"><div class=\"about-two__box-content-inner\"><div class=\"about-two__desc\">Jahre\nErfahrung<\/div><div class=\"about-two__title\">20<\/div><\/div><\/div>\t\t<\/div>\r\n\t \r\n\r\n\t\r\n\t \r\n  \r\n \r\n\r\n  \r\n \r\n\r\n <\/div>\t\t<\/div>\n\t\t\t\t<\/div>\n\t\t\t\t\t<\/div>\n\t\t<\/div>\n\t\t\t\t\t<\/div>\n\t\t<\/section>\n\t\t\t\t<section class=\"elementor-section elementor-top-section elementor-element elementor-element-a4df2a1 elementor-section-boxed elementor-section-height-default elementor-section-height-default\" data-id=\"a4df2a1\" data-element_type=\"section\" data-settings=\"{&quot;background_background&quot;:&quot;classic&quot;}\">\n\t\t\t\t\t\t<div class=\"elementor-container elementor-column-gap-default\">\n\t\t\t\t\t<div class=\"elementor-column elementor-col-50 elementor-top-column elementor-element elementor-element-96b3848\" data-id=\"96b3848\" data-element_type=\"column\">\n\t\t\t<div class=\"elementor-widget-wrap elementor-element-populated\">\n\t\t\t\t\t\t<div class=\"elementor-element elementor-element-2ef69c3 elementor-widget elementor-widget-gva-image-content\" data-id=\"2ef69c3\" data-element_type=\"widget\" data-widget_type=\"gva-image-content.default\">\n\t\t\t\t<div class=\"elementor-widget-container\">\n\t\t\t<div class=\"gva-element-gva-image-content gva-element\">\t\t\r\n\t  \r\n\t \r\n\r\n\t\t\t<div class=\"about-two__single\">\r\n\t\t  \t<div class=\"about-two__image\"><div class=\"content-inner\"><img decoding=\"async\" src=\"https:\/\/alunet.com.tr\/wp-content\/uploads\/2024\/10\/alunet-about-us-gorseller-2.jpg\" alt=\"20\" \/><\/div><\/div><div class=\"about-two__box-content\"><div class=\"about-two__box-content-inner\"><div class=\"about-two__desc\">Jahre\nErfahrung<\/div><div class=\"about-two__title\">20<\/div><\/div><\/div>\t\t<\/div>\r\n\t \r\n\r\n\t\r\n\t \r\n  \r\n \r\n\r\n  \r\n \r\n\r\n <\/div>\t\t<\/div>\n\t\t\t\t<\/div>\n\t\t\t\t\t<\/div>\n\t\t<\/div>\n\t\t\t\t<div class=\"elementor-column elementor-col-50 elementor-top-column elementor-element elementor-element-eeea4aa\" data-id=\"eeea4aa\" data-element_type=\"column\">\n\t\t\t<div class=\"elementor-widget-wrap elementor-element-populated\">\n\t\t\t\t\t\t<div class=\"elementor-element elementor-element-cb8c721 elementor-widget elementor-widget-gva-heading-block\" data-id=\"cb8c721\" data-element_type=\"widget\" data-settings=\"{&quot;_animation&quot;:&quot;none&quot;}\" data-widget_type=\"gva-heading-block.default\">\n\t\t\t\t<div class=\"elementor-widget-container\">\n\t\t\t<div class=\"gva-element-gva-heading-block gva-element\">   <div class=\"align-left style-1 widget gsc-heading box-align-left auto-responsive\">\r\n      <div class=\"content-inner\">\r\n         \r\n                  \r\n         <div class=\"sub-title\"><span class=\"heading-icon\"><\/span><span class=\"tagline\">Alunet<\/span><\/div>   \r\n         \r\n                     <h2 class=\"title\">\r\n               <span>Spezialisiertes Fachwissen<\/span>\r\n            <\/h2>\r\n                  \r\n                     <div class=\"title-desc\">Unser Schwerpunkt liegt auf den M\u00e4rkten Bau, Transport, Automobil und Industrie.\nHier k\u00f6nnen wir unser spezielles Know-how in Ihr Projekt einbringen und\neigenst\u00e4ndige sowie gemeinsam entwickelte L\u00f6sungen entwickeln \u2013 von der idealen\nProfilgeometrie bis hin zu kompletten Aluminiumsystemen. \n<\/div>\r\n         \r\n         \r\n      <\/div>\r\n   <\/div>\r\n<\/div>\t\t<\/div>\n\t\t\t\t<\/div>\n\t\t\t\t\t<\/div>\n\t\t<\/div>\n\t\t\t\t\t<\/div>\n\t\t<\/section>\n\t\t\t\t<section class=\"elementor-section elementor-top-section elementor-element elementor-element-d61074e elementor-section-boxed elementor-section-height-default elementor-section-height-default\" data-id=\"d61074e\" data-element_type=\"section\" data-settings=\"{&quot;background_background&quot;:&quot;classic&quot;}\">\n\t\t\t\t\t\t<div class=\"elementor-container elementor-column-gap-default\">\n\t\t\t\t\t<div class=\"elementor-column elementor-col-50 elementor-top-column elementor-element elementor-element-7dbdaa6\" data-id=\"7dbdaa6\" data-element_type=\"column\">\n\t\t\t<div class=\"elementor-widget-wrap elementor-element-populated\">\n\t\t\t\t\t\t<div class=\"elementor-element elementor-element-958ef27 elementor-widget elementor-widget-gva-heading-block\" data-id=\"958ef27\" data-element_type=\"widget\" data-settings=\"{&quot;_animation&quot;:&quot;none&quot;}\" data-widget_type=\"gva-heading-block.default\">\n\t\t\t\t<div class=\"elementor-widget-container\">\n\t\t\t<div class=\"gva-element-gva-heading-block gva-element\">   <div class=\"align-left style-1 widget gsc-heading box-align-left auto-responsive\">\r\n      <div class=\"content-inner\">\r\n         \r\n                  \r\n         <div class=\"sub-title\"><span class=\"heading-icon\"><\/span><span class=\"tagline\">Alunet<\/span><\/div>   \r\n         \r\n                     <h2 class=\"title\">\r\n               <span>CAD-Konstruktion<\/span>\r\n            <\/h2>\r\n                  \r\n                     <div class=\"title-desc\">Ideen und Entw\u00fcrfe k\u00f6nnen mithilfe der neuesten Computer-Aided-Design-(CAD)-\nTechnologien in k\u00fcrzester Zeit Gestalt annehmen. Daf\u00fcr verwenden wir folgende\nSoftware:\n<\/div>\r\n         \r\n         \r\n      <\/div>\r\n   <\/div>\r\n<\/div>\t\t<\/div>\n\t\t\t\t<\/div>\n\t\t\t\t<div class=\"elementor-element elementor-element-bd0be8e elementor-widget elementor-widget-gva-heading-block\" data-id=\"bd0be8e\" data-element_type=\"widget\" data-settings=\"{&quot;_animation&quot;:&quot;none&quot;}\" data-widget_type=\"gva-heading-block.default\">\n\t\t\t\t<div class=\"elementor-widget-container\">\n\t\t\t<div class=\"gva-element-gva-heading-block gva-element\">   <div class=\"align-left style-1 widget gsc-heading box-align-left auto-responsive\">\r\n      <div class=\"content-inner\">\r\n         \r\n                  \r\n         <div class=\"sub-title\"><span class=\"heading-icon\"><\/span><span class=\"tagline\">Alunet<\/span><\/div>   \r\n         \r\n                     <h2 class=\"title\">\r\n               <span>Prototyping und Simulation\n\n<\/span>\r\n            <\/h2>\r\n                  \r\n                     <div class=\"title-desc\">Wir entwickeln das ideale Profil f\u00fcr Ihre Anforderungen, das Gewicht einspart und\nfunktionale sowie \u00e4sthetische Anspr\u00fcche erf\u00fcllt. Zur Vorbereitung der\nSerienproduktion fertigen wir mit einem 3D-Drucker einen Prototyp Ihrer\nProfilgeometrie in FDM oder ASA an.\n\n<\/div>\r\n         \r\n         \r\n      <\/div>\r\n   <\/div>\r\n<\/div>\t\t<\/div>\n\t\t\t\t<\/div>\n\t\t\t\t\t<\/div>\n\t\t<\/div>\n\t\t\t\t<div class=\"elementor-column elementor-col-50 elementor-top-column elementor-element elementor-element-eb979e0\" data-id=\"eb979e0\" data-element_type=\"column\">\n\t\t\t<div class=\"elementor-widget-wrap elementor-element-populated\">\n\t\t\t\t\t\t<div class=\"elementor-element elementor-element-1fff38c elementor-widget elementor-widget-gva-image-content\" data-id=\"1fff38c\" data-element_type=\"widget\" data-widget_type=\"gva-image-content.default\">\n\t\t\t\t<div class=\"elementor-widget-container\">\n\t\t\t<div class=\"gva-element-gva-image-content gva-element\">\t\t\r\n\t  \r\n\t \r\n\r\n\t\t\t<div class=\"about-two__single\">\r\n\t\t  \t<div class=\"about-two__image\"><div class=\"content-inner\"><img decoding=\"async\" src=\"https:\/\/alunet.com.tr\/wp-content\/uploads\/2024\/10\/alunet-development-techno.jpg\" alt=\"20\" \/><\/div><\/div><div class=\"about-two__box-content\"><div class=\"about-two__box-content-inner\"><div class=\"about-two__desc\">Jahre\nErfahrung<\/div><div class=\"about-two__title\">20<\/div><\/div><\/div>\t\t<\/div>\r\n\t \r\n\r\n\t\r\n\t \r\n  \r\n \r\n\r\n  \r\n \r\n\r\n <\/div>\t\t<\/div>\n\t\t\t\t<\/div>\n\t\t\t\t\t<\/div>\n\t\t<\/div>\n\t\t\t\t\t<\/div>\n\t\t<\/section>\n\t\t\t\t<\/div>","protected":false},"excerpt":{"rendered":"<p>Development Alunet Our Expertise For Your Project We have been processing this raw material for over 20 years. We take advantage of our gathered knowledge in customer projects with co-engineering activities. A product engineering team, working together across our group, can find the ideal technical and economic solution for your challenge. Alunet Advice and Support [&hellip;]<\/p>\n","protected":false},"author":1,"featured_media":0,"parent":0,"menu_order":0,"comment_status":"closed","ping_status":"closed","template":"","meta":{"inline_featured_image":false,"footnotes":""},"class_list":["post-1055","page","type-page","status-publish","hentry"],"_links":{"self":[{"href":"https:\/\/www.alunet.com.tr\/de\/wp-json\/wp\/v2\/pages\/1055","targetHints":{"allow":["GET"]}}],"collection":[{"href":"https:\/\/www.alunet.com.tr\/de\/wp-json\/wp\/v2\/pages"}],"about":[{"href":"https:\/\/www.alunet.com.tr\/de\/wp-json\/wp\/v2\/types\/page"}],"author":[{"embeddable":true,"href":"https:\/\/www.alunet.com.tr\/de\/wp-json\/wp\/v2\/users\/1"}],"replies":[{"embeddable":true,"href":"https:\/\/www.alunet.com.tr\/de\/wp-json\/wp\/v2\/comments?post=1055"}],"version-history":[{"count":135,"href":"https:\/\/www.alunet.com.tr\/de\/wp-json\/wp\/v2\/pages\/1055\/revisions"}],"predecessor-version":[{"id":3812,"href":"https:\/\/www.alunet.com.tr\/de\/wp-json\/wp\/v2\/pages\/1055\/revisions\/3812"}],"wp:attachment":[{"href":"https:\/\/www.alunet.com.tr\/de\/wp-json\/wp\/v2\/media?parent=1055"}],"curies":[{"name":"wp","href":"https:\/\/api.w.org\/{rel}","templated":true}]}}